{"id":431059,"date":"2026-04-06T10:47:58","date_gmt":"2026-04-06T10:47:58","guid":{"rendered":"https:\/\/irankiuzona.lt\/product\/sriegio-atstatymo-irankis-35-130mm\/"},"modified":"2026-04-16T13:47:34","modified_gmt":"2026-04-16T13:47:34","slug":"sriegio-atstatymo-irankis-35-130mm","status":"publish","type":"product","link":"https:\/\/irankiuzona.lt\/ru\/product\/sriegio-atstatymo-irankis-35-130mm\/","title":{"rendered":"Sriegio atstatymo \u012frankis 35-130mm"},"content":{"rendered":"<p>Specializuotas ASTA \u012frankis metriniams ir imperiniams sriegiams remontuoti. \u012erankio konstrukcija leid\u017eia remontuoti arba regeneruoti kairiuosius arba de\u0161iniuosius sriegius vamzd\u017eiuose, a\u0161yse, vairo ir hidraulin\u0117se sistemose bei sunkiai pasiekiamose vietose. Pasirinkus ASTA sriegi\u0173 remonto \u012frank\u012f, u\u017etikrinamas tinkamas veikimas. Sriegiai: <\/p>\n<p>\u2013 Metriniai: 1,0, 1,25, 1,5, 1,75, 2,0, 2,5, 3,0, 3,5 mm<br \/>\n\u2013 Coliai: 4, 5, 6, 7, 7,5, 8, 9, 10, 11, 11,5, 12, 14, 16, 18, 20, 24 <\/p>\n<p>Diapazonas: 35\u2013130 mm<\/p>","protected":false},"excerpt":{"rendered":"<p>Sriegio atstatymo \u012frankis 35-130mm<\/p>","protected":false},"featured_media":431061,"comment_status":"open","ping_status":"open","template":"","meta":[],"product_cat":[9938],"product_tag":[10130],"class_list":{"0":"post-431059","1":"product","2":"type-product","3":"status-publish","4":"has-post-thumbnail","6":"product_brand-satra-lenkija","7":"product_cat-irankiai-sriegimui-sriegikliai-sriegpjoves-sriegmaciai","8":"product_tag-satra-lenkija","10":"first","11":"instock","12":"purchasable","13":"product-type-simple"},"jetpack_sharing_enabled":true,"_links":{"self":[{"href":"https:\/\/irankiuzona.lt\/ru\/wp-json\/wp\/v2\/product\/431059","targetHints":{"allow":["GET"]}}],"collection":[{"href":"https:\/\/irankiuzona.lt\/ru\/wp-json\/wp\/v2\/product"}],"about":[{"href":"https:\/\/irankiuzona.lt\/ru\/wp-json\/wp\/v2\/types\/product"}],"replies":[{"embeddable":true,"href":"https:\/\/irankiuzona.lt\/ru\/wp-json\/wp\/v2\/comments?post=431059"}],"version-history":[{"count":1,"href":"https:\/\/irankiuzona.lt\/ru\/wp-json\/wp\/v2\/product\/431059\/revisions"}],"predecessor-version":[{"id":431060,"href":"https:\/\/irankiuzona.lt\/ru\/wp-json\/wp\/v2\/product\/431059\/revisions\/431060"}],"wp:featuredmedia":[{"embeddable":true,"href":"https:\/\/irankiuzona.lt\/ru\/wp-json\/wp\/v2\/media\/431061"}],"wp:attachment":[{"href":"https:\/\/irankiuzona.lt\/ru\/wp-json\/wp\/v2\/media?parent=431059"}],"wp:term":[{"taxonomy":"product_cat","embeddable":true,"href":"https:\/\/irankiuzona.lt\/ru\/wp-json\/wp\/v2\/product_cat?post=431059"},{"taxonomy":"product_tag","embeddable":true,"href":"https:\/\/irankiuzona.lt\/ru\/wp-json\/wp\/v2\/product_tag?post=431059"}],"curies":[{"name":"wp","href":"https:\/\/api.w.org\/{rel}","templated":true}]}}