{"id":431065,"date":"2026-04-06T10:48:28","date_gmt":"2026-04-06T10:48:28","guid":{"rendered":"https:\/\/irankiuzona.lt\/product\/kniediklis-srieginems-kniedems-m3-m8\/"},"modified":"2026-04-16T10:12:16","modified_gmt":"2026-04-16T10:12:16","slug":"kniediklis-srieginems-kniedems-m3-m8","status":"publish","type":"product","link":"https:\/\/irankiuzona.lt\/ru\/product\/kniediklis-srieginems-kniedems-m3-m8\/","title":{"rendered":"Kniediklis sriegin\u0117ms knied\u0117ms M3-M8"},"content":{"rendered":"<p>Auk\u0161tos kokyb\u0117s lieto aliuminio korpusas<br \/>\n Patogios, neslystan\u010dios rankenos u\u017etikrina patog\u0173 darb\u0105<br \/>\n\u012erengtos kei\u010diamos galvut\u0117s, pagamintos i\u0161 chromo-molibdeno plieno (CrMo)<br \/>\nKnied\u017ei\u0173 ver\u017eli\u0173 dyd\u017eiai: M3 \/ M4 \/ M5 \/ M6 \/ M8, pagaminti i\u0161 anglinio plieno.<br \/>\n Komplektas:<br \/>\nKnied\u017ei\u0173 ver\u017el\u0117<br \/>\nGalvut\u0117s raktas<br \/>\nGalvut\u0117s: M3 \/ M4 \/ M5 \/ M6 \/ M8<br \/>\nKnied\u017ei\u0173 ver\u017el\u0117s: M3 \/ M4 \/ M5 \/ M6 \/ M8 x 10 vnt. kiekvienos.<\/p>","protected":false},"excerpt":{"rendered":"<p>RANKINIS KNIEDIKLIS KNIEDIKLI\u0172 VER\u017dL\u0116MS M3-M8<\/p>","protected":false},"featured_media":431067,"comment_status":"open","ping_status":"open","template":"","meta":[],"product_cat":[10134],"product_tag":[10130],"class_list":{"0":"post-431065","1":"product","2":"type-product","3":"status-publish","4":"has-post-thumbnail","6":"product_brand-satra-lenkija","7":"product_cat-kniedikliai-srieginiai-kniedikliai-kniedes","8":"product_tag-satra-lenkija","10":"first","11":"instock","12":"purchasable","13":"product-type-simple"},"jetpack_sharing_enabled":true,"_links":{"self":[{"href":"https:\/\/irankiuzona.lt\/ru\/wp-json\/wp\/v2\/product\/431065","targetHints":{"allow":["GET"]}}],"collection":[{"href":"https:\/\/irankiuzona.lt\/ru\/wp-json\/wp\/v2\/product"}],"about":[{"href":"https:\/\/irankiuzona.lt\/ru\/wp-json\/wp\/v2\/types\/product"}],"replies":[{"embeddable":true,"href":"https:\/\/irankiuzona.lt\/ru\/wp-json\/wp\/v2\/comments?post=431065"}],"version-history":[{"count":1,"href":"https:\/\/irankiuzona.lt\/ru\/wp-json\/wp\/v2\/product\/431065\/revisions"}],"predecessor-version":[{"id":431066,"href":"https:\/\/irankiuzona.lt\/ru\/wp-json\/wp\/v2\/product\/431065\/revisions\/431066"}],"wp:featuredmedia":[{"embeddable":true,"href":"https:\/\/irankiuzona.lt\/ru\/wp-json\/wp\/v2\/media\/431067"}],"wp:attachment":[{"href":"https:\/\/irankiuzona.lt\/ru\/wp-json\/wp\/v2\/media?parent=431065"}],"wp:term":[{"taxonomy":"product_cat","embeddable":true,"href":"https:\/\/irankiuzona.lt\/ru\/wp-json\/wp\/v2\/product_cat?post=431065"},{"taxonomy":"product_tag","embeddable":true,"href":"https:\/\/irankiuzona.lt\/ru\/wp-json\/wp\/v2\/product_tag?post=431065"}],"curies":[{"name":"wp","href":"https:\/\/api.w.org\/{rel}","templated":true}]}}