{"id":431068,"date":"2026-04-06T10:48:41","date_gmt":"2026-04-06T10:48:41","guid":{"rendered":"https:\/\/irankiuzona.lt\/product\/sukimo-momento-daugiklis-ford-ecoboost-duratec-2\/"},"modified":"2026-04-16T07:24:08","modified_gmt":"2026-04-16T07:24:08","slug":"sukimo-momento-daugiklis-ford-ecoboost-duratec-2","status":"publish","type":"product","link":"https:\/\/irankiuzona.lt\/ru\/product\/sukimo-momento-daugiklis-ford-ecoboost-duratec-2\/","title":{"rendered":"Sukimo momento daugiklis FORD EcoBoost Duratec"},"content":{"rendered":"<p>Specializuotas SATRA rinkinys, skirtas u\u017etikrinti teising\u0105 alk\u016bninio veleno skriemuli\u0173 var\u017et\u0173 montavimo pad\u0117t\u012f ir priver\u017eimo sek\u0105. <\/p>\n<p>D\u0117l 1:5 sukimo momento daugiklio santykio jis leid\u017eia tiksliai ir patikimai priver\u017eti skriemulius \u0161iuose varikliuose:<\/p>\n<p> \u201eFord 1.0 Eco Boost\/Duratec\u201c ir \u201e2.0 Duratec\/EcoBlue\u201c<\/p>","protected":false},"excerpt":{"rendered":"<p>FORD SKRIEMULIO SUKAMOJO MOMENTO STIPRINTUVAS<\/p>","protected":false},"featured_media":431070,"comment_status":"open","ping_status":"open","template":"","meta":[],"product_cat":[9702],"product_tag":[10130],"class_list":{"0":"post-431068","1":"product","2":"type-product","3":"status-publish","4":"has-post-thumbnail","6":"product_brand-satra-lenkija","7":"product_cat-ford-volvo-mazda-blokatoriai","8":"product_tag-satra-lenkija","10":"first","11":"instock","12":"purchasable","13":"product-type-simple"},"jetpack_sharing_enabled":true,"_links":{"self":[{"href":"https:\/\/irankiuzona.lt\/ru\/wp-json\/wp\/v2\/product\/431068","targetHints":{"allow":["GET"]}}],"collection":[{"href":"https:\/\/irankiuzona.lt\/ru\/wp-json\/wp\/v2\/product"}],"about":[{"href":"https:\/\/irankiuzona.lt\/ru\/wp-json\/wp\/v2\/types\/product"}],"replies":[{"embeddable":true,"href":"https:\/\/irankiuzona.lt\/ru\/wp-json\/wp\/v2\/comments?post=431068"}],"version-history":[{"count":1,"href":"https:\/\/irankiuzona.lt\/ru\/wp-json\/wp\/v2\/product\/431068\/revisions"}],"predecessor-version":[{"id":431069,"href":"https:\/\/irankiuzona.lt\/ru\/wp-json\/wp\/v2\/product\/431068\/revisions\/431069"}],"wp:featuredmedia":[{"embeddable":true,"href":"https:\/\/irankiuzona.lt\/ru\/wp-json\/wp\/v2\/media\/431070"}],"wp:attachment":[{"href":"https:\/\/irankiuzona.lt\/ru\/wp-json\/wp\/v2\/media?parent=431068"}],"wp:term":[{"taxonomy":"product_cat","embeddable":true,"href":"https:\/\/irankiuzona.lt\/ru\/wp-json\/wp\/v2\/product_cat?post=431068"},{"taxonomy":"product_tag","embeddable":true,"href":"https:\/\/irankiuzona.lt\/ru\/wp-json\/wp\/v2\/product_tag?post=431068"}],"curies":[{"name":"wp","href":"https:\/\/api.w.org\/{rel}","templated":true}]}}