{"id":431071,"date":"2026-04-06T10:48:58","date_gmt":"2026-04-06T10:48:58","guid":{"rendered":"https:\/\/irankiuzona.lt\/product\/pneumatinis-verzliasukis-1-2-1491-nm\/"},"modified":"2026-04-16T11:12:25","modified_gmt":"2026-04-16T11:12:25","slug":"pneumatinis-verzliasukis-1-2-1491-nm","status":"publish","type":"product","link":"https:\/\/irankiuzona.lt\/ru\/product\/pneumatinis-verzliasukis-1-2-1491-nm\/","title":{"rendered":"Pneumatinis ver\u017eliasukis 1\/2 1491 Nm"},"content":{"rendered":"<p>1 vnt. 1\/2 colio pneumatinis sm\u016bginis ver\u017eliaraktis<br \/>\n4 vnt. sm\u016bgini\u0173 antgali\u0173 17, 19, 21, 22 mm<br \/>\n1 vnt. 1\/4 colio ki\u0161tukas<br \/>\nAir Pressure<br \/>\n90 (PSI) \/ 6.3 (bar)<br \/>\n1100 (FT-LB) \/ 1491 (Nm)<\/p>","protected":false},"excerpt":{"rendered":"<p>1\/2 colio pneumatinis sm\u016bginis ver\u017eliasukis<\/p>","protected":false},"featured_media":431073,"comment_status":"open","ping_status":"open","template":"","meta":[],"product_cat":[9667],"product_tag":[9875],"class_list":{"0":"post-431071","1":"product","2":"type-product","3":"status-publish","4":"has-post-thumbnail","6":"product_brand-mighty-seven-m7","7":"product_cat-pneumatiniai-verzliasukiai","8":"product_tag-mighty-seven-m7","10":"first","11":"instock","12":"purchasable","13":"product-type-simple"},"jetpack_sharing_enabled":true,"_links":{"self":[{"href":"https:\/\/irankiuzona.lt\/ru\/wp-json\/wp\/v2\/product\/431071","targetHints":{"allow":["GET"]}}],"collection":[{"href":"https:\/\/irankiuzona.lt\/ru\/wp-json\/wp\/v2\/product"}],"about":[{"href":"https:\/\/irankiuzona.lt\/ru\/wp-json\/wp\/v2\/types\/product"}],"replies":[{"embeddable":true,"href":"https:\/\/irankiuzona.lt\/ru\/wp-json\/wp\/v2\/comments?post=431071"}],"version-history":[{"count":1,"href":"https:\/\/irankiuzona.lt\/ru\/wp-json\/wp\/v2\/product\/431071\/revisions"}],"predecessor-version":[{"id":431072,"href":"https:\/\/irankiuzona.lt\/ru\/wp-json\/wp\/v2\/product\/431071\/revisions\/431072"}],"wp:featuredmedia":[{"embeddable":true,"href":"https:\/\/irankiuzona.lt\/ru\/wp-json\/wp\/v2\/media\/431073"}],"wp:attachment":[{"href":"https:\/\/irankiuzona.lt\/ru\/wp-json\/wp\/v2\/media?parent=431071"}],"wp:term":[{"taxonomy":"product_cat","embeddable":true,"href":"https:\/\/irankiuzona.lt\/ru\/wp-json\/wp\/v2\/product_cat?post=431071"},{"taxonomy":"product_tag","embeddable":true,"href":"https:\/\/irankiuzona.lt\/ru\/wp-json\/wp\/v2\/product_tag?post=431071"}],"curies":[{"name":"wp","href":"https:\/\/api.w.org\/{rel}","templated":true}]}}