{"id":431077,"date":"2026-04-06T10:49:14","date_gmt":"2026-04-06T10:49:14","guid":{"rendered":"https:\/\/irankiuzona.lt\/product\/gramdiklis5vnt\/"},"modified":"2026-04-13T04:08:17","modified_gmt":"2026-04-13T04:08:17","slug":"gramdiklis5vnt","status":"publish","type":"product","link":"https:\/\/irankiuzona.lt\/ru\/product\/gramdiklis5vnt\/","title":{"rendered":"Gramdiklis+5vnt."},"content":{"rendered":"<p>Konstrukcija ir med\u017eiagos:<\/p>\n<p>korpusas: ner\u016bdijantis plienas, ABS ir TPR \u2013 patvarumas ir patogumas naudoti ergonomi\u0161ka rankena geresniam sl\u0117gio valdymui grandiklio matmenys: 150 x 5,2 x 2 cm Peilis: <\/p>\n<p>med\u017eiaga: ner\u016bdijantis plienas peilio matmenys: 39 x 21 mm komplekte: 1 sumontuotas peilis + 5 atsarginiai peiliai greitas peilio keitimas<\/p>\n<p> Naudojimas: da\u017e\u0173 ir skiedinio \u0161alinimas nuo lang\u0173 klij\u0173 liku\u010di\u0173 ir juost\u0173 valymas renovacijos ir apdailos darbai keramini\u0173 plok\u0161\u010di\u0173 ir lygi\u0173 pavir\u0161i\u0173 valymas<\/p>","protected":false},"excerpt":{"rendered":"<p>Gramdiklis stiklui su kei\u010diamomis gele\u017et\u0117mis 5 vnt<\/p>","protected":false},"featured_media":431079,"comment_status":"open","ping_status":"open","template":"","meta":[],"product_cat":[9692],"product_tag":[9483],"class_list":{"0":"post-431077","1":"product","2":"type-product","3":"status-publish","4":"has-post-thumbnail","6":"product_brand-yato-lenkija","7":"product_cat-stiklu-ispjovimui","8":"product_tag-yato-lenkija","10":"first","11":"instock","12":"purchasable","13":"product-type-simple"},"jetpack_sharing_enabled":true,"_links":{"self":[{"href":"https:\/\/irankiuzona.lt\/ru\/wp-json\/wp\/v2\/product\/431077","targetHints":{"allow":["GET"]}}],"collection":[{"href":"https:\/\/irankiuzona.lt\/ru\/wp-json\/wp\/v2\/product"}],"about":[{"href":"https:\/\/irankiuzona.lt\/ru\/wp-json\/wp\/v2\/types\/product"}],"replies":[{"embeddable":true,"href":"https:\/\/irankiuzona.lt\/ru\/wp-json\/wp\/v2\/comments?post=431077"}],"version-history":[{"count":1,"href":"https:\/\/irankiuzona.lt\/ru\/wp-json\/wp\/v2\/product\/431077\/revisions"}],"predecessor-version":[{"id":431078,"href":"https:\/\/irankiuzona.lt\/ru\/wp-json\/wp\/v2\/product\/431077\/revisions\/431078"}],"wp:featuredmedia":[{"embeddable":true,"href":"https:\/\/irankiuzona.lt\/ru\/wp-json\/wp\/v2\/media\/431079"}],"wp:attachment":[{"href":"https:\/\/irankiuzona.lt\/ru\/wp-json\/wp\/v2\/media?parent=431077"}],"wp:term":[{"taxonomy":"product_cat","embeddable":true,"href":"https:\/\/irankiuzona.lt\/ru\/wp-json\/wp\/v2\/product_cat?post=431077"},{"taxonomy":"product_tag","embeddable":true,"href":"https:\/\/irankiuzona.lt\/ru\/wp-json\/wp\/v2\/product_tag?post=431077"}],"curies":[{"name":"wp","href":"https:\/\/api.w.org\/{rel}","templated":true}]}}