{"id":431083,"date":"2026-04-06T10:49:30","date_gmt":"2026-04-06T10:49:30","guid":{"rendered":"https:\/\/irankiuzona.lt\/product\/turbo-putiklis-mini-110000-rpm\/"},"modified":"2026-04-13T07:41:47","modified_gmt":"2026-04-13T07:41:47","slug":"turbo-putiklis-mini-110000-rpm","status":"publish","type":"product","link":"https:\/\/irankiuzona.lt\/ru\/product\/turbo-putiklis-mini-110000-rpm\/","title":{"rendered":"Turbo p\u016btiklis mini 110000 RPM"},"content":{"rendered":"<p>\u0160viesos srautas280 (LED), 90 (COB) lmMaks. si\u0142a docisku wiatru140 gFunkcijoswbudowane ostrze do przecinania np. plastikowych pask\u00f3wPasukimai110 000 min\u207b\u00b9Nominali srov\u01172 A\u012etampa5 V nuolatin\u0117 srov\u0117.Akumuliatoriaus \u012ftampa7,4 V nuolatin\u0117 srov\u0117.Baterijos tipasLi\u010dio jon\u0173Baterijos talpa4000 mAhBaterijos energija29,6 Wh\u012ekroviklis pridedamastaip\u012ekroviklio tipasUSB\u012ekrovimo laikas\u22644 val.Med\u017eiagaABS, PS, NAILONASMatmenys155x63x44 mm\u012ekrovimo lygio indikatoriustaipDarbo laikas60 (I lygis), 20 (II lygis) min.Svoris0,38 kgKomplekte yrap\u016bstuvas, antgalis x4, p\u016bstuvasPaskirtisklaviat\u016br\u0173, kompiuteri\u0173, elektronikos, elektrini\u0173 \u012franki\u0173, automobili\u0173 varikli\u0173 komponent\u0173 ir kt. p\u016btimas, \u010diu\u017eini\u0173 prip\u016btimas, grilio u\u017edegimas, dulki\u0173 nup\u016btimasSimbolisYT-82937<br \/>\nDaugiafunkcis turbop\u016btis mini versijoje, skirtas \u012fvairiems pritaikymams. Patogi konstrukcija, varomas turboventiliatoriaus, pasiekian\u010dio iki 110 000 apsisukim\u0173 per minut\u0119 greit\u012f ir u\u017etikrinan\u010dio stipri\u0105 bei koncentruot\u0105 oro srov\u0119. Jo j\u0117ga, taikoma virtuv\u0117s svarstykl\u0117ms, atitinka ma\u017edaug 140 g apkrov\u0105. Naudojant 4000 mAh li\u010dio jon\u0173 akumuliatori\u0173 rinkin\u012f, galima ilgiau dirbti be da\u017eno \u012fkrovimo.<br \/>\n\u012erenginys turi du \u0161viesos \u0161altinius: ta\u0161kin\u012f ir plotin\u012f, su keliais ap\u0161vietimo re\u017eimais, kurie padidina jo funkcionalum\u0105 riboto matomumo s\u0105lygomis. Korpuso \u0161one integruotas peiliukas, leid\u017eiantis greitai nupjauti, be kita ko, plastikinius dir\u017eelius. Apa\u010dioje yra keturi magnetai, leid\u017eiantys p\u016bstuv\u0105 lengvai pritvirtinti prie metalini\u0173 pavir\u0161i\u0173, o tai ypa\u010d prakti\u0161ka atliekant technin\u0117s prie\u017ei\u016bros darbus, pvz., remontuojant automobil\u012f.<br \/>\nRinkin\u012f sudaro keturi \u012fvairi\u0173 form\u0173 kei\u010diami antgaliai, skirti tiksliam balion\u0173, \u010diu\u017eini\u0173, baseino pried\u0173 p\u016btimui ir prip\u016btimui, taip pat patogus plastikinis d\u0117klas, skirtas lengviau ne\u0161iotis ir laikyti \u012frengin\u012f.<br \/>\nTechniniai parametrai:<br \/>\nventiliatoriaus sukimosi greitis: 110 000 aps.\/min.did\u017eiausia v\u0117jo sl\u0117gio j\u0117ga: 140 gsklandus oro srauto grei\u010dio reguliavimaszoninis ap\u0161vietimas: maks. 280 liumen\u0173 (LED)pro\u017eektorius: maks. 90 liumen\u0173 (COB)Darbo laikas: 60 min. (I re\u017eimas), 20 min. (II re\u017eimas)\u012ekraunama per USB-C prievad\u0105Baterija: Li-Ion 7.4 V \/ 4000 mAhPapildomi duomenys:<br \/>\n4 magnetai\u012emontuotas peiliukasMed\u017eiaga: ABS, PS, nailonasMatmenys: 155 x 63 x 44 mmSvoris: 0.38 kgPridedamas \u012fkroviklis\u012ekrovimo laikas: \u22644 val.Baterijos \u012fkrovos indikatoriusKomplekte: p\u016bstuvas, 4 antgaliai, dir\u017eo d\u0117klasPavyzd\u017eiai:<br \/>\nklaviat\u016br\u0173, kompiuteri\u0173, elektronikos, elektrini\u0173 \u012franki\u0173, automobili\u0173 varikli\u0173 komponent\u0173 p\u016btimas\u010diu\u017eini\u0173, basein\u0173, balion\u0173, basein\u0173 pried\u0173 prip\u016btimasgrilio u\u017edegimasdulki\u0173 valymas<\/p>","protected":false},"excerpt":{"rendered":"<p>Muiltifunkcinis turbop\u016btiklis mini | 110000 RPM | su priedais<\/p>","protected":false},"featured_media":431085,"comment_status":"open","ping_status":"open","template":"","meta":[],"product_cat":[10135],"product_tag":[9483],"class_list":{"0":"post-431083","1":"product","2":"type-product","3":"status-publish","4":"has-post-thumbnail","6":"product_brand-yato-lenkija","7":"product_cat-elektriniai-irankiai","8":"product_tag-yato-lenkija","10":"first","11":"instock","12":"purchasable","13":"product-type-simple"},"jetpack_sharing_enabled":true,"_links":{"self":[{"href":"https:\/\/irankiuzona.lt\/ru\/wp-json\/wp\/v2\/product\/431083","targetHints":{"allow":["GET"]}}],"collection":[{"href":"https:\/\/irankiuzona.lt\/ru\/wp-json\/wp\/v2\/product"}],"about":[{"href":"https:\/\/irankiuzona.lt\/ru\/wp-json\/wp\/v2\/types\/product"}],"replies":[{"embeddable":true,"href":"https:\/\/irankiuzona.lt\/ru\/wp-json\/wp\/v2\/comments?post=431083"}],"version-history":[{"count":1,"href":"https:\/\/irankiuzona.lt\/ru\/wp-json\/wp\/v2\/product\/431083\/revisions"}],"predecessor-version":[{"id":431084,"href":"https:\/\/irankiuzona.lt\/ru\/wp-json\/wp\/v2\/product\/431083\/revisions\/431084"}],"wp:featuredmedia":[{"embeddable":true,"href":"https:\/\/irankiuzona.lt\/ru\/wp-json\/wp\/v2\/media\/431085"}],"wp:attachment":[{"href":"https:\/\/irankiuzona.lt\/ru\/wp-json\/wp\/v2\/media?parent=431083"}],"wp:term":[{"taxonomy":"product_cat","embeddable":true,"href":"https:\/\/irankiuzona.lt\/ru\/wp-json\/wp\/v2\/product_cat?post=431083"},{"taxonomy":"product_tag","embeddable":true,"href":"https:\/\/irankiuzona.lt\/ru\/wp-json\/wp\/v2\/product_tag?post=431083"}],"curies":[{"name":"wp","href":"https:\/\/api.w.org\/{rel}","templated":true}]}}