{"id":431086,"date":"2026-04-06T10:49:35","date_gmt":"2026-04-06T10:49:35","guid":{"rendered":"https:\/\/irankiuzona.lt\/product\/jim-softshell-striuke-su-gobtuvu-juoda-l\/"},"modified":"2026-04-15T11:25:45","modified_gmt":"2026-04-15T11:25:45","slug":"jim-softshell-striuke-su-gobtuvu-juoda-l","status":"publish","type":"product","link":"https:\/\/irankiuzona.lt\/ru\/product\/jim-softshell-striuke-su-gobtuvu-juoda-l\/","title":{"rendered":"JIM Softshell striuk\u0117 su gobtuvu, juoda, L"},"content":{"rendered":"<p>Produkto apra\u0161ymas JIM softshell striuk\u0117 pasi\u017eymi modernia, sporti\u0161ka i\u0161vaizda.<br \/>\nJi yra juodos spalvos, kuri\u0105 papildo kontrastingos ry\u0161kiai \u017ealios detal\u0117s ant u\u017etrauktuk\u0173 ir gobtuvo vidin\u0117s pus\u0117s.<br \/>\nIntegruotas gobtuvas harmoningai dera su bendru striuk\u0117s dizainu, pabr\u0117\u017edamas jos funkcional\u0173, technin\u012f stili\u0173.<br \/>\nDygsniuota dalis apsaugo nuo \u0161al\u010dio, o gobtuvas \u2013 nuo \u200b\u200bv\u0117jo ir nedidelio lietaus.<br \/>\nSavyb\u0117s<br \/>\n\u2022 Med\u017eiaga: 3 sluoksni\u0173 softshell \u2013 100 % mechaninis tamprus poliesteris<br \/>\n\u2022 TPU membrana \u2013 3000 mm atsparumas vandeniui, 300 g\/m\u00b2 \/ 24 val. kv\u0117pavimas<br \/>\n\u2022 U\u017epildas: 100 % poliesteris, 200 g\/m\u00b2<br \/>\n\u2022 Dizainas u\u017etikrina jud\u0117jimo laisv\u0119<br \/>\n\u2022 Pilnas gobtuvas<br \/>\n\u2022 Visos ki\u0161en\u0117s u\u017esegamos u\u017etrauktukais<br \/>\n\u2022 \u0160vies\u0105 atspindintys elementai geresniam matomumui<\/p>","protected":false},"excerpt":{"rendered":"<p>JIM Softshell striuk\u0117 su gobtuvu, juoda, L<\/p>","protected":false},"featured_media":431088,"comment_status":"open","ping_status":"open","template":"","meta":[],"product_cat":[10004],"product_tag":[9969],"class_list":{"0":"post-431086","1":"product","2":"type-product","3":"status-publish","4":"has-post-thumbnail","6":"product_brand-hogert-technik-vokietija","7":"product_cat-darbines-striukes","8":"product_tag-hogert-technik-vokietija","10":"first","11":"instock","12":"purchasable","13":"product-type-simple"},"jetpack_sharing_enabled":true,"_links":{"self":[{"href":"https:\/\/irankiuzona.lt\/ru\/wp-json\/wp\/v2\/product\/431086","targetHints":{"allow":["GET"]}}],"collection":[{"href":"https:\/\/irankiuzona.lt\/ru\/wp-json\/wp\/v2\/product"}],"about":[{"href":"https:\/\/irankiuzona.lt\/ru\/wp-json\/wp\/v2\/types\/product"}],"replies":[{"embeddable":true,"href":"https:\/\/irankiuzona.lt\/ru\/wp-json\/wp\/v2\/comments?post=431086"}],"version-history":[{"count":1,"href":"https:\/\/irankiuzona.lt\/ru\/wp-json\/wp\/v2\/product\/431086\/revisions"}],"predecessor-version":[{"id":431087,"href":"https:\/\/irankiuzona.lt\/ru\/wp-json\/wp\/v2\/product\/431086\/revisions\/431087"}],"wp:featuredmedia":[{"embeddable":true,"href":"https:\/\/irankiuzona.lt\/ru\/wp-json\/wp\/v2\/media\/431088"}],"wp:attachment":[{"href":"https:\/\/irankiuzona.lt\/ru\/wp-json\/wp\/v2\/media?parent=431086"}],"wp:term":[{"taxonomy":"product_cat","embeddable":true,"href":"https:\/\/irankiuzona.lt\/ru\/wp-json\/wp\/v2\/product_cat?post=431086"},{"taxonomy":"product_tag","embeddable":true,"href":"https:\/\/irankiuzona.lt\/ru\/wp-json\/wp\/v2\/product_tag?post=431086"}],"curies":[{"name":"wp","href":"https:\/\/api.w.org\/{rel}","templated":true}]}}