{"id":431089,"date":"2026-04-06T10:49:44","date_gmt":"2026-04-06T10:49:44","guid":{"rendered":"https:\/\/irankiuzona.lt\/product\/brake-cleaner-500ml\/"},"modified":"2026-04-13T17:10:56","modified_gmt":"2026-04-13T17:10:56","slug":"brake-cleaner-500ml","status":"publish","type":"product","link":"https:\/\/irankiuzona.lt\/ru\/product\/brake-cleaner-500ml\/","title":{"rendered":"Brake cleaner 500ml"},"content":{"rendered":"<p>\u201eBake Clean\u201c yra tirpikli\u0173 pagrindu pagaminta, galinga valymo priemon\u0117, sukurta \u012fvairiems, sunkiau \u012fveikiamiems ne\u0161varumams pa\u0161alinti.<br \/>\nD\u0117l stipraus tirpiklio produkte ir koncentruotos paties produkto i\u0161leidimo srov\u0117s, \u012fvairius pavir\u0161ius galima valyti tiesiog sl\u0117giniu plovimo \u012frenginiu. \u201eBrake Clean\u201c pasi\u017eymi labai greitu garavimo grei\u010diu, tod\u0117l dalis galima beveik i\u0161 karto po valymo pakartotinai sutepti arba apdoroti. Po valymo su \u201eBrake Clean\u201c dalis taip pat galima perda\u017eyti.<br \/>\nNAUDOJIMO SRITYS<br \/>\nProduktas lengvai pa\u0161alina \u012fvairius ne\u0161varumus, tokius kaip alyva, riebalai, stabd\u017ei\u0173 dulk\u0117s ir kt.<br \/>\nAutomobili\u0173 pramon\u0117: \u012fvairi\u0173 metalini\u0173 pavir\u0161i\u0173 \u2013 stabd\u017ei\u0173, sankabos komponent\u0173, variklio dali\u0173 \u2013 valymas.<\/p>","protected":false},"excerpt":{"rendered":"<p>Stabd\u017ei\u0173 ir metalo valiklis NB kokyb\u0117s C10 stabd\u017ei\u0173 valiklis, 500 ml<\/p>","protected":false},"featured_media":431091,"comment_status":"open","ping_status":"open","template":"","meta":[],"product_cat":[9824],"product_tag":[],"class_list":{"0":"post-431089","1":"product","2":"type-product","3":"status-publish","4":"has-post-thumbnail","6":"product_cat-autochemija","8":"first","9":"instock","10":"purchasable","11":"product-type-simple"},"jetpack_sharing_enabled":true,"_links":{"self":[{"href":"https:\/\/irankiuzona.lt\/ru\/wp-json\/wp\/v2\/product\/431089","targetHints":{"allow":["GET"]}}],"collection":[{"href":"https:\/\/irankiuzona.lt\/ru\/wp-json\/wp\/v2\/product"}],"about":[{"href":"https:\/\/irankiuzona.lt\/ru\/wp-json\/wp\/v2\/types\/product"}],"replies":[{"embeddable":true,"href":"https:\/\/irankiuzona.lt\/ru\/wp-json\/wp\/v2\/comments?post=431089"}],"version-history":[{"count":1,"href":"https:\/\/irankiuzona.lt\/ru\/wp-json\/wp\/v2\/product\/431089\/revisions"}],"predecessor-version":[{"id":431090,"href":"https:\/\/irankiuzona.lt\/ru\/wp-json\/wp\/v2\/product\/431089\/revisions\/431090"}],"wp:featuredmedia":[{"embeddable":true,"href":"https:\/\/irankiuzona.lt\/ru\/wp-json\/wp\/v2\/media\/431091"}],"wp:attachment":[{"href":"https:\/\/irankiuzona.lt\/ru\/wp-json\/wp\/v2\/media?parent=431089"}],"wp:term":[{"taxonomy":"product_cat","embeddable":true,"href":"https:\/\/irankiuzona.lt\/ru\/wp-json\/wp\/v2\/product_cat?post=431089"},{"taxonomy":"product_tag","embeddable":true,"href":"https:\/\/irankiuzona.lt\/ru\/wp-json\/wp\/v2\/product_tag?post=431089"}],"curies":[{"name":"wp","href":"https:\/\/api.w.org\/{rel}","templated":true}]}}