{"id":431092,"date":"2026-04-06T10:49:49","date_gmt":"2026-04-06T10:49:49","guid":{"rendered":"https:\/\/irankiuzona.lt\/product\/darbine-liemene-l-52-juoda-mat-softshell\/"},"modified":"2026-04-13T19:06:38","modified_gmt":"2026-04-13T19:06:38","slug":"darbine-liemene-l-52-juoda-mat-softshell","status":"publish","type":"product","link":"https:\/\/irankiuzona.lt\/ru\/product\/darbine-liemene-l-52-juoda-mat-softshell\/","title":{"rendered":"Darbin\u0117 liemen\u0117 L (52) juoda MAT Softshell"},"content":{"rendered":"<p>Produkto apra\u0161ymas MAT softshell liemen\u0117 yra prakti\u0161kas sprendimas darbui \u0161altesn\u0117mis s\u0105lygomis.<br \/>\nJi apsaugo nuo v\u0117jo ir dr\u0117gm\u0117s, nevar\u017eoma jud\u0117jimo laisv\u0117s.<br \/>\nCharakteristikos<br \/>\n\u2022 Med\u017eiaga: 3 sluoksni\u0173 softshell \u2013 100 % mechaninis tamprus poliesteris<br \/>\n\u2022 TPU membrana \u2013 atsparumas vandeniui 3000 mm, laidumas orui 300 g\/m\u00b2\/24 val.<br \/>\n\u2022 U\u017epildas: 100 % poliesteris 200 g\/m\u00b2<br \/>\n\u2022 Dizainas u\u017etikrina jud\u0117jimo laisv\u0119<br \/>\n\u2022 Pilnas gobtuvas<br \/>\n\u2022 Visos ki\u0161en\u0117s u\u017esegamos u\u017etrauktukais<br \/>\n\u2022 \u0160vies\u0105 atspindintys elementai geresniam matomumui<\/p>","protected":false},"excerpt":{"rendered":"<p>Darbin\u0117 liemen\u0117 L (52) juoda MAT Softshell<\/p>","protected":false},"featured_media":431094,"comment_status":"open","ping_status":"open","template":"","meta":[],"product_cat":[10003],"product_tag":[9969],"class_list":{"0":"post-431092","1":"product","2":"type-product","3":"status-publish","4":"has-post-thumbnail","6":"product_brand-hogert-technik-vokietija","7":"product_cat-darbines-liemenes","8":"product_tag-hogert-technik-vokietija","10":"first","11":"instock","12":"purchasable","13":"product-type-simple"},"jetpack_sharing_enabled":true,"_links":{"self":[{"href":"https:\/\/irankiuzona.lt\/ru\/wp-json\/wp\/v2\/product\/431092","targetHints":{"allow":["GET"]}}],"collection":[{"href":"https:\/\/irankiuzona.lt\/ru\/wp-json\/wp\/v2\/product"}],"about":[{"href":"https:\/\/irankiuzona.lt\/ru\/wp-json\/wp\/v2\/types\/product"}],"replies":[{"embeddable":true,"href":"https:\/\/irankiuzona.lt\/ru\/wp-json\/wp\/v2\/comments?post=431092"}],"version-history":[{"count":1,"href":"https:\/\/irankiuzona.lt\/ru\/wp-json\/wp\/v2\/product\/431092\/revisions"}],"predecessor-version":[{"id":431093,"href":"https:\/\/irankiuzona.lt\/ru\/wp-json\/wp\/v2\/product\/431092\/revisions\/431093"}],"wp:featuredmedia":[{"embeddable":true,"href":"https:\/\/irankiuzona.lt\/ru\/wp-json\/wp\/v2\/media\/431094"}],"wp:attachment":[{"href":"https:\/\/irankiuzona.lt\/ru\/wp-json\/wp\/v2\/media?parent=431092"}],"wp:term":[{"taxonomy":"product_cat","embeddable":true,"href":"https:\/\/irankiuzona.lt\/ru\/wp-json\/wp\/v2\/product_cat?post=431092"},{"taxonomy":"product_tag","embeddable":true,"href":"https:\/\/irankiuzona.lt\/ru\/wp-json\/wp\/v2\/product_tag?post=431092"}],"curies":[{"name":"wp","href":"https:\/\/api.w.org\/{rel}","templated":true}]}}