{"id":431110,"date":"2026-04-06T10:50:41","date_gmt":"2026-04-06T10:50:41","guid":{"rendered":"https:\/\/irankiuzona.lt\/product\/nitrilines-pirstines-xl-dydzio-100vnt-wenne\/"},"modified":"2026-04-14T11:12:30","modified_gmt":"2026-04-14T11:12:30","slug":"nitrilines-pirstines-xl-dydzio-100vnt-wenne","status":"publish","type":"product","link":"https:\/\/irankiuzona.lt\/ru\/product\/nitrilines-pirstines-xl-dydzio-100vnt-wenne\/","title":{"rendered":"Nitrilin\u0117s pir\u0161tin\u0117s XL dyd\u017eio 100vnt. \/ WENNE"},"content":{"rendered":"<p>Produkto apra\u0161ymas Vienkartin\u0117s nitrilo pir\u0161tin\u0117s \u201eWENNE\u201c skirtos darbui, kuriam reikalingas auk\u0161tas higienos lygis ir apsauga nuo chemini\u0173 med\u017eiag\u0173, virus\u0173 ir bakterij\u0173. Pagamintos i\u0161 patvaraus nitrilo, jos yra saugi latekso pir\u0161tini\u0173 alternatyva, ypa\u010d \u017emon\u0117ms, alergi\u0161kiems lateksui. Med\u017eiaga u\u017etikrina ger\u0105 mechanin\u012f ir chemin\u012f atsparum\u0105, i\u0161laikant lankstum\u0105 ir lyt\u0117jimo jautrum\u0105, o tai palengvina tiksl\u0173 darb\u0105. \u0160ios pir\u0161tin\u0117s tinka medicinos, laboratorin\u0117ms, pramonin\u0117ms, kosmetikos, valymo ir aptarnavimo reikm\u0117ms. Produktas atitinka EN ISO 374 ir EN ISO 374-5 standart\u0173 reikalavimus, patvirtinan\u010dius apsaug\u0105 nuo pasirinkt\u0173 chemini\u0173 med\u017eiag\u0173, bakterij\u0173 ir virus\u0173. Savyb\u0117s Pagamintos i\u0161 nitrilo \u2013 be latekso; Vienkartin\u0117s, higieni\u0161kos ir patogios naudoti; Atsparumas chemikalams (B tipas); Apsauga nuo bakterij\u0173 ir virus\u0173; Skirtos s\u0105ly\u010diui su chemin\u0117mis med\u017eiagomis ir biologiniais veiksniais; Juoda spalva \u2013 prakti\u0161kos darbo aplinkoje; Pakuot\u0117: 100 vnt.<\/p>","protected":false},"excerpt":{"rendered":"<p>WENNE vienkartin\u0117s nitrilo pir\u0161tin\u0117s, juodos (100 vnt.\/pak.) XL<\/p>","protected":false},"featured_media":431112,"comment_status":"open","ping_status":"open","template":"","meta":[],"product_cat":[9796],"product_tag":[9969],"class_list":{"0":"post-431110","1":"product","2":"type-product","3":"status-publish","4":"has-post-thumbnail","6":"product_brand-hogert-technik-vokietija","7":"product_cat-vienkartines-darbo-pirstines","8":"product_tag-hogert-technik-vokietija","10":"first","11":"instock","12":"purchasable","13":"product-type-simple"},"jetpack_sharing_enabled":true,"_links":{"self":[{"href":"https:\/\/irankiuzona.lt\/ru\/wp-json\/wp\/v2\/product\/431110","targetHints":{"allow":["GET"]}}],"collection":[{"href":"https:\/\/irankiuzona.lt\/ru\/wp-json\/wp\/v2\/product"}],"about":[{"href":"https:\/\/irankiuzona.lt\/ru\/wp-json\/wp\/v2\/types\/product"}],"replies":[{"embeddable":true,"href":"https:\/\/irankiuzona.lt\/ru\/wp-json\/wp\/v2\/comments?post=431110"}],"version-history":[{"count":1,"href":"https:\/\/irankiuzona.lt\/ru\/wp-json\/wp\/v2\/product\/431110\/revisions"}],"predecessor-version":[{"id":431111,"href":"https:\/\/irankiuzona.lt\/ru\/wp-json\/wp\/v2\/product\/431110\/revisions\/431111"}],"wp:featuredmedia":[{"embeddable":true,"href":"https:\/\/irankiuzona.lt\/ru\/wp-json\/wp\/v2\/media\/431112"}],"wp:attachment":[{"href":"https:\/\/irankiuzona.lt\/ru\/wp-json\/wp\/v2\/media?parent=431110"}],"wp:term":[{"taxonomy":"product_cat","embeddable":true,"href":"https:\/\/irankiuzona.lt\/ru\/wp-json\/wp\/v2\/product_cat?post=431110"},{"taxonomy":"product_tag","embeddable":true,"href":"https:\/\/irankiuzona.lt\/ru\/wp-json\/wp\/v2\/product_tag?post=431110"}],"curies":[{"name":"wp","href":"https:\/\/api.w.org\/{rel}","templated":true}]}}