{"id":431228,"date":"2026-04-24T19:50:06","date_gmt":"2026-04-24T19:50:06","guid":{"rendered":"https:\/\/irankiuzona.lt\/product\/ploksciu-transportavimo-vezimelis-2\/"},"modified":"2026-05-09T14:56:48","modified_gmt":"2026-05-09T14:56:48","slug":"ploksciu-transportavimo-vezimelis-2","status":"publish","type":"product","link":"https:\/\/irankiuzona.lt\/ru\/product\/ploksciu-transportavimo-vezimelis-2\/","title":{"rendered":"Plok\u0161\u010di\u0173 transportavimo ve\u017eim\u0117lis"},"content":{"rendered":"<p>PAGAMINTI I\u0160 PLIENO LAK\u0160TO, POLIAMIDO RATAI. SKERSMUO 125 mm<\/p>","protected":false},"excerpt":{"rendered":"<p>Plok\u0161\u010di\u0173 transportavimo ve\u017eim\u0117lis<\/p>","protected":false},"featured_media":251253,"comment_status":"open","ping_status":"open","template":"","meta":[],"product_cat":[9670],"product_tag":[9483],"class_list":{"0":"post-431228","1":"product","2":"type-product","3":"status-publish","4":"has-post-thumbnail","6":"product_brand-yato-lenkija","7":"product_cat-transportavimo-vezimai","8":"product_tag-yato-lenkija","10":"first","11":"instock","12":"purchasable","13":"product-type-simple"},"jetpack_sharing_enabled":true,"_links":{"self":[{"href":"https:\/\/irankiuzona.lt\/ru\/wp-json\/wp\/v2\/product\/431228","targetHints":{"allow":["GET"]}}],"collection":[{"href":"https:\/\/irankiuzona.lt\/ru\/wp-json\/wp\/v2\/product"}],"about":[{"href":"https:\/\/irankiuzona.lt\/ru\/wp-json\/wp\/v2\/types\/product"}],"replies":[{"embeddable":true,"href":"https:\/\/irankiuzona.lt\/ru\/wp-json\/wp\/v2\/comments?post=431228"}],"version-history":[{"count":1,"href":"https:\/\/irankiuzona.lt\/ru\/wp-json\/wp\/v2\/product\/431228\/revisions"}],"predecessor-version":[{"id":431229,"href":"https:\/\/irankiuzona.lt\/ru\/wp-json\/wp\/v2\/product\/431228\/revisions\/431229"}],"wp:featuredmedia":[{"embeddable":true,"href":"https:\/\/irankiuzona.lt\/ru\/wp-json\/wp\/v2\/media\/251253"}],"wp:attachment":[{"href":"https:\/\/irankiuzona.lt\/ru\/wp-json\/wp\/v2\/media?parent=431228"}],"wp:term":[{"taxonomy":"product_cat","embeddable":true,"href":"https:\/\/irankiuzona.lt\/ru\/wp-json\/wp\/v2\/product_cat?post=431228"},{"taxonomy":"product_tag","embeddable":true,"href":"https:\/\/irankiuzona.lt\/ru\/wp-json\/wp\/v2\/product_tag?post=431228"}],"curies":[{"name":"wp","href":"https:\/\/api.w.org\/{rel}","templated":true}]}}