{"id":431244,"date":"2026-04-24T21:29:36","date_gmt":"2026-04-24T21:29:36","guid":{"rendered":"https:\/\/irankiuzona.lt\/product\/hidraulinis-vamzdziu-lankstytuvas-16t\/"},"modified":"2026-05-09T08:39:57","modified_gmt":"2026-05-09T08:39:57","slug":"hidraulinis-vamzdziu-lankstytuvas-16t","status":"publish","type":"product","link":"https:\/\/irankiuzona.lt\/ru\/product\/hidraulinis-vamzdziu-lankstytuvas-16t\/","title":{"rendered":"Hidraulinis vamzd\u017ei\u0173 lankstytuvas 16T"},"content":{"rendered":"<p>Hidraulinis vamzd\u017ei\u0173 lankstytuvas 16T<br \/>\nSkirti vamzd\u017eiams :\u00a01\/2&quot; &#8211; 3\/4&quot; &#8211; 1&quot; &#8211; 1,1\/4&quot; &#8211; 1,1\/2&quot; &#8211; 2&quot; &#8211; 2 1\/2&quot; &#8211; 3&quot;\u00a0<br \/>\nSvoris 60kg<br \/>\nDydis : 630x580x115mm<\/p>","protected":false},"excerpt":{"rendered":"<p>Vamzd\u017ei\u0173 lankstymo hidraulinis\u00a0 komplektas 16T 8dali\u0173<\/p>","protected":false},"featured_media":265335,"comment_status":"open","ping_status":"open","template":"","meta":[],"product_cat":[9946],"product_tag":[10104],"class_list":{"0":"post-431244","1":"product","2":"type-product","3":"status-publish","4":"has-post-thumbnail","6":"product_brand-kraftdele","7":"product_cat-hidrauliniai-presai","8":"product_tag-kraftdele","10":"first","11":"outofstock","12":"purchasable","13":"product-type-simple"},"jetpack_sharing_enabled":true,"_links":{"self":[{"href":"https:\/\/irankiuzona.lt\/ru\/wp-json\/wp\/v2\/product\/431244","targetHints":{"allow":["GET"]}}],"collection":[{"href":"https:\/\/irankiuzona.lt\/ru\/wp-json\/wp\/v2\/product"}],"about":[{"href":"https:\/\/irankiuzona.lt\/ru\/wp-json\/wp\/v2\/types\/product"}],"replies":[{"embeddable":true,"href":"https:\/\/irankiuzona.lt\/ru\/wp-json\/wp\/v2\/comments?post=431244"}],"version-history":[{"count":1,"href":"https:\/\/irankiuzona.lt\/ru\/wp-json\/wp\/v2\/product\/431244\/revisions"}],"predecessor-version":[{"id":431245,"href":"https:\/\/irankiuzona.lt\/ru\/wp-json\/wp\/v2\/product\/431244\/revisions\/431245"}],"wp:featuredmedia":[{"embeddable":true,"href":"https:\/\/irankiuzona.lt\/ru\/wp-json\/wp\/v2\/media\/265335"}],"wp:attachment":[{"href":"https:\/\/irankiuzona.lt\/ru\/wp-json\/wp\/v2\/media?parent=431244"}],"wp:term":[{"taxonomy":"product_cat","embeddable":true,"href":"https:\/\/irankiuzona.lt\/ru\/wp-json\/wp\/v2\/product_cat?post=431244"},{"taxonomy":"product_tag","embeddable":true,"href":"https:\/\/irankiuzona.lt\/ru\/wp-json\/wp\/v2\/product_tag?post=431244"}],"curies":[{"name":"wp","href":"https:\/\/api.w.org\/{rel}","templated":true}]}}