{"id":431301,"date":"2026-04-24T22:55:31","date_gmt":"2026-04-24T22:55:31","guid":{"rendered":"https:\/\/irankiuzona.lt\/product\/irankiu-komplektas-1-43-81-2-219daliu-6-kamp-12-kamp\/"},"modified":"2026-05-06T20:18:15","modified_gmt":"2026-05-06T20:18:15","slug":"irankiu-komplektas-1-43-81-2-219daliu-6-kamp-12-kamp","status":"publish","type":"product","link":"https:\/\/irankiuzona.lt\/ru\/product\/irankiu-komplektas-1-43-81-2-219daliu-6-kamp-12-kamp\/","title":{"rendered":"\u012eranki\u0173 komplektas 1\/4+3\/8+1\/2 219dali\u0173 6-kamp.\/12-kamp."},"content":{"rendered":"<p>\u012eranki\u0173 komplektas su raktais ir trimis skirting\u0173 dyd\u017ei\u0173 terk\u0161l\u0117mis su galvut\u0117mis (6-kamp\u0117mis ir 12-kamp\u0117mis) 219dali\u0173.<\/p>","protected":false},"excerpt":{"rendered":"<p>ROCKFORCE RF-38841+3 \u012eranki\u0173 rinkinys su kombinuotais raktais, 219 vnt. (1\/4&#8221;, 3\/8&#8221;, 1\/2&#8221;) su \u0161e\u0161iakamp\u0117mis ir dvylikakamp\u0117mis galvut\u0117mis<\/p>","protected":false},"featured_media":408430,"comment_status":"open","ping_status":"open","template":"","meta":[],"product_cat":[9491],"product_tag":[10151],"class_list":{"0":"post-431301","1":"product","2":"type-product","3":"status-publish","4":"has-post-thumbnail","6":"product_brand-lenkija-tiekejas","7":"product_cat-kombinuoti-irankiu-komplektai-1-4-3-8-1-2","8":"product_tag-lenkija-tiekejas","10":"first","11":"outofstock","12":"purchasable","13":"product-type-simple"},"jetpack_sharing_enabled":true,"_links":{"self":[{"href":"https:\/\/irankiuzona.lt\/ru\/wp-json\/wp\/v2\/product\/431301","targetHints":{"allow":["GET"]}}],"collection":[{"href":"https:\/\/irankiuzona.lt\/ru\/wp-json\/wp\/v2\/product"}],"about":[{"href":"https:\/\/irankiuzona.lt\/ru\/wp-json\/wp\/v2\/types\/product"}],"replies":[{"embeddable":true,"href":"https:\/\/irankiuzona.lt\/ru\/wp-json\/wp\/v2\/comments?post=431301"}],"version-history":[{"count":1,"href":"https:\/\/irankiuzona.lt\/ru\/wp-json\/wp\/v2\/product\/431301\/revisions"}],"predecessor-version":[{"id":431302,"href":"https:\/\/irankiuzona.lt\/ru\/wp-json\/wp\/v2\/product\/431301\/revisions\/431302"}],"wp:featuredmedia":[{"embeddable":true,"href":"https:\/\/irankiuzona.lt\/ru\/wp-json\/wp\/v2\/media\/408430"}],"wp:attachment":[{"href":"https:\/\/irankiuzona.lt\/ru\/wp-json\/wp\/v2\/media?parent=431301"}],"wp:term":[{"taxonomy":"product_cat","embeddable":true,"href":"https:\/\/irankiuzona.lt\/ru\/wp-json\/wp\/v2\/product_cat?post=431301"},{"taxonomy":"product_tag","embeddable":true,"href":"https:\/\/irankiuzona.lt\/ru\/wp-json\/wp\/v2\/product_tag?post=431301"}],"curies":[{"name":"wp","href":"https:\/\/api.w.org\/{rel}","templated":true}]}}