{"id":431305,"date":"2026-04-24T23:12:16","date_gmt":"2026-04-24T23:12:16","guid":{"rendered":"https:\/\/irankiuzona.lt\/product\/peilis-lauzomomis-geleztemis-18-mm\/"},"modified":"2026-05-09T04:25:53","modified_gmt":"2026-05-09T04:25:53","slug":"peilis-lauzomomis-geleztemis-18-mm","status":"publish","type":"product","link":"https:\/\/irankiuzona.lt\/ru\/product\/peilis-lauzomomis-geleztemis-18-mm\/","title":{"rendered":"Peilis lau\u017eomomis gele\u017et\u0117mis, 18 mm"},"content":{"rendered":"<p>Daugiafunkcis sulankstomas peilis su l\u016b\u017etan\u010dia gele\u017ete, skirtas surinkimo, sand\u0117liavimo ir aptarnavimo darbams. Korpusas pagamintas i\u0161 ner\u016bdijan\u010dio plieno u\u017etikrina atsparum\u0105 pa\u017eeidimams ir deformacijai, o i\u0161 SK5 \u012frankinio plieno pagamintas a\u0161muo leid\u017eia tiksliai pjauti \u012fvairias med\u017eiagas. Segmentuota a\u0161men\u0173 konstrukcija leid\u017eia greitai atnaujinti pjovimo briaun\u0105 nekei\u010diant viso elemento, o tai supaprastina darb\u0105 dirbtuv\u0117se ir lauko s\u0105lygomis. Konstrukcija ir med\u017eiagos: korpusas: patvarus ir atsparus korozijai ner\u016bdijantis plienas a\u0161menys: SK5 plienas, pasi\u017eymintis dideliu a\u0161trumu ir ilgaam\u017ei\u0161kumu a\u0161men\u0173 spalva: juoda peilio matmenys: 15,4 x 2,8 x 0,5 cm l\u016b\u017etantis a\u0161menys: matmenys: 100 x 18 x 0,5 mm segmentuota konstrukcija \u2013 greitas pjovimo briaunos atnaujinimas naudojimo sritys: kartonas, pl\u0117vel\u0117s, juostos, pamu\u0161alai, pakuot\u0117s Papildomos savyb\u0117s: plok\u0161\u010dias atsuktuvas atsparnio galas (pvz., da\u017e\u0173 skardini\u0173 dangteliams) buteli\u0173 atidarytuvas 12 cm matavimo skal\u0117 atsuktuv\u0173 dyd\u017eiai: 4, 6, 8, 10 mm Naudojimas: montavimo ir surinkimo darbai sand\u0117liavimas ir pakavimas aptarnavimas namuose ir dirbtuv\u0117se patogus daugiafunkcis \u012frankis kasdieniam naudojimui<\/p>","protected":false},"excerpt":{"rendered":"<p>Peilis lau\u017eomomis gele\u017et\u0117mis universalus | metalas | 18 mm<\/p>","protected":false},"featured_media":431307,"comment_status":"open","ping_status":"open","template":"","meta":[],"product_cat":[9998],"product_tag":[9483],"class_list":{"0":"post-431305","1":"product","2":"type-product","3":"status-publish","4":"has-post-thumbnail","6":"product_brand-yato-lenkija","7":"product_cat-patalpu-remonto-irankiai-maisai-tentai-peiliukai-markeriai-izoliacines-juostos","8":"product_tag-yato-lenkija","10":"first","11":"instock","12":"purchasable","13":"product-type-simple"},"jetpack_sharing_enabled":true,"_links":{"self":[{"href":"https:\/\/irankiuzona.lt\/ru\/wp-json\/wp\/v2\/product\/431305","targetHints":{"allow":["GET"]}}],"collection":[{"href":"https:\/\/irankiuzona.lt\/ru\/wp-json\/wp\/v2\/product"}],"about":[{"href":"https:\/\/irankiuzona.lt\/ru\/wp-json\/wp\/v2\/types\/product"}],"replies":[{"embeddable":true,"href":"https:\/\/irankiuzona.lt\/ru\/wp-json\/wp\/v2\/comments?post=431305"}],"version-history":[{"count":1,"href":"https:\/\/irankiuzona.lt\/ru\/wp-json\/wp\/v2\/product\/431305\/revisions"}],"predecessor-version":[{"id":431306,"href":"https:\/\/irankiuzona.lt\/ru\/wp-json\/wp\/v2\/product\/431305\/revisions\/431306"}],"wp:featuredmedia":[{"embeddable":true,"href":"https:\/\/irankiuzona.lt\/ru\/wp-json\/wp\/v2\/media\/431307"}],"wp:attachment":[{"href":"https:\/\/irankiuzona.lt\/ru\/wp-json\/wp\/v2\/media?parent=431305"}],"wp:term":[{"taxonomy":"product_cat","embeddable":true,"href":"https:\/\/irankiuzona.lt\/ru\/wp-json\/wp\/v2\/product_cat?post=431305"},{"taxonomy":"product_tag","embeddable":true,"href":"https:\/\/irankiuzona.lt\/ru\/wp-json\/wp\/v2\/product_tag?post=431305"}],"curies":[{"name":"wp","href":"https:\/\/api.w.org\/{rel}","templated":true}]}}