{"id":431308,"date":"2026-04-24T23:12:18","date_gmt":"2026-04-24T23:12:18","guid":{"rendered":"https:\/\/irankiuzona.lt\/product\/galvute-pakabos-sarnyrams-1-2-toyota-citroen\/"},"modified":"2026-05-09T04:25:54","modified_gmt":"2026-05-09T04:25:54","slug":"galvute-pakabos-sarnyrams-1-2-toyota-citroen","status":"publish","type":"product","link":"https:\/\/irankiuzona.lt\/ru\/product\/galvute-pakabos-sarnyrams-1-2-toyota-citroen\/","title":{"rendered":"Galvut\u0117 pakabos \u0161arnyrams, 1\/2, Toyota, Citroen"},"content":{"rendered":"<p>\u201eToyota Proace\u201c \u201eToyota Proace Verso\u201c \u201eCitro\u00ebn Jumpy\u201c Techniniai duomenys Pavaros profilis Vidinis kvadratinis Pavaros profilio dydis, metrinis 12,5 mm I\u0161\u0117jimo profilis \u0160e\u0161iakampis Pavaros profilio dydis, colis 1\/2 colio Ver\u017eliarak\u010dio dydis 44 mm Ilgis 85 mm Pakuot\u0117 tinkama kabinti ant sienos Taip Bendras svoris 1138 g<\/p>","protected":false},"excerpt":{"rendered":"<p>Galvut\u0117 pakabos \u0161arnyrams | 12,5 mm (1\/2&quot;) | 44 mm | Toyota Proace, Citroen Jumpy<\/p>","protected":false},"featured_media":431310,"comment_status":"open","ping_status":"open","template":"","meta":[],"product_cat":[9755],"product_tag":[9845],"class_list":{"0":"post-431308","1":"product","2":"type-product","3":"status-publish","4":"has-post-thumbnail","6":"product_brand-vokietija-germany","7":"product_cat-sarnyru-keitimo-irankiai","8":"product_tag-vokietija-germany","10":"first","11":"instock","12":"purchasable","13":"product-type-simple"},"jetpack_sharing_enabled":true,"_links":{"self":[{"href":"https:\/\/irankiuzona.lt\/ru\/wp-json\/wp\/v2\/product\/431308","targetHints":{"allow":["GET"]}}],"collection":[{"href":"https:\/\/irankiuzona.lt\/ru\/wp-json\/wp\/v2\/product"}],"about":[{"href":"https:\/\/irankiuzona.lt\/ru\/wp-json\/wp\/v2\/types\/product"}],"replies":[{"embeddable":true,"href":"https:\/\/irankiuzona.lt\/ru\/wp-json\/wp\/v2\/comments?post=431308"}],"version-history":[{"count":1,"href":"https:\/\/irankiuzona.lt\/ru\/wp-json\/wp\/v2\/product\/431308\/revisions"}],"predecessor-version":[{"id":431309,"href":"https:\/\/irankiuzona.lt\/ru\/wp-json\/wp\/v2\/product\/431308\/revisions\/431309"}],"wp:featuredmedia":[{"embeddable":true,"href":"https:\/\/irankiuzona.lt\/ru\/wp-json\/wp\/v2\/media\/431310"}],"wp:attachment":[{"href":"https:\/\/irankiuzona.lt\/ru\/wp-json\/wp\/v2\/media?parent=431308"}],"wp:term":[{"taxonomy":"product_cat","embeddable":true,"href":"https:\/\/irankiuzona.lt\/ru\/wp-json\/wp\/v2\/product_cat?post=431308"},{"taxonomy":"product_tag","embeddable":true,"href":"https:\/\/irankiuzona.lt\/ru\/wp-json\/wp\/v2\/product_tag?post=431308"}],"curies":[{"name":"wp","href":"https:\/\/api.w.org\/{rel}","templated":true}]}}