{"id":431320,"date":"2026-04-24T23:12:29","date_gmt":"2026-04-24T23:12:29","guid":{"rendered":"https:\/\/irankiuzona.lt\/product\/didelis-irankiu-vezimelis-7-stalciu-su-sonine-spinta-be-irankiu\/"},"modified":"2026-05-06T22:07:21","modified_gmt":"2026-05-06T22:07:21","slug":"didelis-irankiu-vezimelis-7-stalciu-su-sonine-spinta-be-irankiu","status":"publish","type":"product","link":"https:\/\/irankiuzona.lt\/ru\/product\/didelis-irankiu-vezimelis-7-stalciu-su-sonine-spinta-be-irankiu\/","title":{"rendered":"Didelis \u012franki\u0173 ve\u017eim\u0117lis 7 stal\u010di\u0173 su \u0161onine spinta (be \u012franki\u0173)"},"content":{"rendered":"<p>Auk\u0161tis: 80,5 cm\u00a0(be ratuk\u0173) \/ 95,5 cm (su ratukais)Plotis: 112 cmGylis: 46 cmStal\u010diai:5vnt. &#8211; 53,5 x 39,5 x 6,5 cm\u00a02vnt. &#8211; 53,5 x 39,5 x 14 cm\u00a0\u0160onin\u0117 spinta \/ lentynos:Gylis: 42,5 cm\u00a0Plotis: 36 cmAuk\u0161tis: 29,5 (vir\u0161utin\u0117) \/ 40 cm (apatin\u0117)<\/p>","protected":false},"excerpt":{"rendered":"<p>Tu\u0161\u010dias platus \u012franki\u0173 ve\u017eim\u0117lis (be \u012franki\u0173) su 7 stal\u010diais ir papildoma \u0161onine spinta\/lentynomis<\/p>","protected":false},"featured_media":431322,"comment_status":"open","ping_status":"closed","template":"","meta":[],"product_cat":[9943],"product_tag":[10087],"class_list":{"0":"post-431320","1":"product","2":"type-product","3":"status-publish","4":"has-post-thumbnail","6":"product_brand-verke","7":"product_cat-vezimeliai-irankiu-spintos","8":"product_tag-verke","10":"first","11":"instock","12":"purchasable","13":"product-type-simple"},"jetpack_sharing_enabled":true,"_links":{"self":[{"href":"https:\/\/irankiuzona.lt\/ru\/wp-json\/wp\/v2\/product\/431320","targetHints":{"allow":["GET"]}}],"collection":[{"href":"https:\/\/irankiuzona.lt\/ru\/wp-json\/wp\/v2\/product"}],"about":[{"href":"https:\/\/irankiuzona.lt\/ru\/wp-json\/wp\/v2\/types\/product"}],"replies":[{"embeddable":true,"href":"https:\/\/irankiuzona.lt\/ru\/wp-json\/wp\/v2\/comments?post=431320"}],"version-history":[{"count":1,"href":"https:\/\/irankiuzona.lt\/ru\/wp-json\/wp\/v2\/product\/431320\/revisions"}],"predecessor-version":[{"id":431321,"href":"https:\/\/irankiuzona.lt\/ru\/wp-json\/wp\/v2\/product\/431320\/revisions\/431321"}],"wp:featuredmedia":[{"embeddable":true,"href":"https:\/\/irankiuzona.lt\/ru\/wp-json\/wp\/v2\/media\/431322"}],"wp:attachment":[{"href":"https:\/\/irankiuzona.lt\/ru\/wp-json\/wp\/v2\/media?parent=431320"}],"wp:term":[{"taxonomy":"product_cat","embeddable":true,"href":"https:\/\/irankiuzona.lt\/ru\/wp-json\/wp\/v2\/product_cat?post=431320"},{"taxonomy":"product_tag","embeddable":true,"href":"https:\/\/irankiuzona.lt\/ru\/wp-json\/wp\/v2\/product_tag?post=431320"}],"curies":[{"name":"wp","href":"https:\/\/api.w.org\/{rel}","templated":true}]}}