{"id":431323,"date":"2026-04-24T23:12:30","date_gmt":"2026-04-24T23:12:30","guid":{"rendered":"https:\/\/irankiuzona.lt\/product\/svarstykles-su-kabliu-elektronines-1000kg\/"},"modified":"2026-05-06T23:01:07","modified_gmt":"2026-05-06T23:01:07","slug":"svarstykles-su-kabliu-elektronines-1000kg","status":"publish","type":"product","link":"https:\/\/irankiuzona.lt\/ru\/product\/svarstykles-su-kabliu-elektronines-1000kg\/","title":{"rendered":"Svarstykl\u0117s su kabliu elektronin\u0117s 1000kg"},"content":{"rendered":"<p>Technin\u0117s specifikacijos:<br \/>\nTikslumo klas\u0117: III<br \/>\nMatavimo vienetai: kg (kilogramai), lb (svarai)<br \/>\nMatavimo diapazonas: 0\u20131000 kg<br \/>\nNulio nustatymo diapazonas: 4 % F.S.<br \/>\nStabilizacijos laikas: 3\u20137 sekund\u0117s<br \/>\nPerkrovos indikatorius: 100 % F.S. + 9e<br \/>\nMaksimali saugi apkrova: 125 % F.S.<br \/>\nGalioji apkrovos riba: 400 % F.S.<br \/>\nEkranas: LED (1,14 colio)<br \/>\nDarbin\u0117 temperat\u016bra: nuo -10 \u00b0C iki 40 \u00b0C<\/p>","protected":false},"excerpt":{"rendered":"<p>Elektronin\u0117s svarstykl\u0117s 1000 kg<\/p>","protected":false},"featured_media":431325,"comment_status":"open","ping_status":"open","template":"","meta":[],"product_cat":[9945],"product_tag":[9810],"class_list":{"0":"post-431323","1":"product","2":"type-product","3":"status-publish","4":"has-post-thumbnail","6":"product_brand-geko-lenkija","7":"product_cat-svarstykles","8":"product_tag-geko-lenkija","10":"first","11":"instock","12":"purchasable","13":"product-type-simple"},"jetpack_sharing_enabled":true,"_links":{"self":[{"href":"https:\/\/irankiuzona.lt\/ru\/wp-json\/wp\/v2\/product\/431323","targetHints":{"allow":["GET"]}}],"collection":[{"href":"https:\/\/irankiuzona.lt\/ru\/wp-json\/wp\/v2\/product"}],"about":[{"href":"https:\/\/irankiuzona.lt\/ru\/wp-json\/wp\/v2\/types\/product"}],"replies":[{"embeddable":true,"href":"https:\/\/irankiuzona.lt\/ru\/wp-json\/wp\/v2\/comments?post=431323"}],"version-history":[{"count":1,"href":"https:\/\/irankiuzona.lt\/ru\/wp-json\/wp\/v2\/product\/431323\/revisions"}],"predecessor-version":[{"id":431324,"href":"https:\/\/irankiuzona.lt\/ru\/wp-json\/wp\/v2\/product\/431323\/revisions\/431324"}],"wp:featuredmedia":[{"embeddable":true,"href":"https:\/\/irankiuzona.lt\/ru\/wp-json\/wp\/v2\/media\/431325"}],"wp:attachment":[{"href":"https:\/\/irankiuzona.lt\/ru\/wp-json\/wp\/v2\/media?parent=431323"}],"wp:term":[{"taxonomy":"product_cat","embeddable":true,"href":"https:\/\/irankiuzona.lt\/ru\/wp-json\/wp\/v2\/product_cat?post=431323"},{"taxonomy":"product_tag","embeddable":true,"href":"https:\/\/irankiuzona.lt\/ru\/wp-json\/wp\/v2\/product_tag?post=431323"}],"curies":[{"name":"wp","href":"https:\/\/api.w.org\/{rel}","templated":true}]}}