{"id":431326,"date":"2026-04-24T23:12:32","date_gmt":"2026-04-24T23:12:32","guid":{"rendered":"https:\/\/irankiuzona.lt\/product\/veidrodelis-teleskopinis-24-69cm-2\/"},"modified":"2026-04-24T23:12:32","modified_gmt":"2026-04-24T23:12:32","slug":"veidrodelis-teleskopinis-24-69cm-2","status":"publish","type":"product","link":"https:\/\/irankiuzona.lt\/ru\/product\/veidrodelis-teleskopinis-24-69cm-2\/","title":{"rendered":"Veidrod\u0117lis teleskopinis 24-69cm"},"content":{"rendered":"<p>Teleskopinis ap\u017ei\u016bros veidrod\u0117lis 24\u201369 cm<br \/>\n\u0160is auk\u0161tos kokyb\u0117s, gerai pagamintas ap\u017ei\u016bros veidrod\u0117lis turi teleskop\u0105 ir prakti\u0161k\u0105, patvari\u0105 jungt\u012f, leid\u017eian\u010di\u0105 veidrod\u0117l\u012f reguliuoti bet kokioje pad\u0117tyje.<br \/>\n Rankena padengta plastiku, kad b\u016bt\u0173 u\u017etikrintas saugus su\u0117mimas.<br \/>\nReguliuojamas ilgis: 24\u201369 cm<br \/>\nBendras ilgis i\u0161skleistame variante: 69 cm<br \/>\nVeidrod\u017eio skersmuo: 52 mm<\/p>","protected":false},"excerpt":{"rendered":"<p>Teleskopinis ap\u017ei\u016bros veidrodis 24\u201369 cm<\/p>","protected":false},"featured_media":431328,"comment_status":"open","ping_status":"open","template":"","meta":[],"product_cat":[9539],"product_tag":[9810],"class_list":{"0":"post-431326","1":"product","2":"type-product","3":"status-publish","4":"has-post-thumbnail","6":"product_brand-geko-lenkija","7":"product_cat-griebtuvai-magnetai-veidrodeliai","8":"product_tag-geko-lenkija","10":"first","11":"instock","12":"purchasable","13":"product-type-simple"},"jetpack_sharing_enabled":true,"_links":{"self":[{"href":"https:\/\/irankiuzona.lt\/ru\/wp-json\/wp\/v2\/product\/431326","targetHints":{"allow":["GET"]}}],"collection":[{"href":"https:\/\/irankiuzona.lt\/ru\/wp-json\/wp\/v2\/product"}],"about":[{"href":"https:\/\/irankiuzona.lt\/ru\/wp-json\/wp\/v2\/types\/product"}],"replies":[{"embeddable":true,"href":"https:\/\/irankiuzona.lt\/ru\/wp-json\/wp\/v2\/comments?post=431326"}],"version-history":[{"count":1,"href":"https:\/\/irankiuzona.lt\/ru\/wp-json\/wp\/v2\/product\/431326\/revisions"}],"predecessor-version":[{"id":431327,"href":"https:\/\/irankiuzona.lt\/ru\/wp-json\/wp\/v2\/product\/431326\/revisions\/431327"}],"wp:featuredmedia":[{"embeddable":true,"href":"https:\/\/irankiuzona.lt\/ru\/wp-json\/wp\/v2\/media\/431328"}],"wp:attachment":[{"href":"https:\/\/irankiuzona.lt\/ru\/wp-json\/wp\/v2\/media?parent=431326"}],"wp:term":[{"taxonomy":"product_cat","embeddable":true,"href":"https:\/\/irankiuzona.lt\/ru\/wp-json\/wp\/v2\/product_cat?post=431326"},{"taxonomy":"product_tag","embeddable":true,"href":"https:\/\/irankiuzona.lt\/ru\/wp-json\/wp\/v2\/product_tag?post=431326"}],"curies":[{"name":"wp","href":"https:\/\/api.w.org\/{rel}","templated":true}]}}