{"id":431332,"date":"2026-04-24T23:12:36","date_gmt":"2026-04-24T23:12:36","guid":{"rendered":"https:\/\/irankiuzona.lt\/product\/terksle-1-4-teleskopine-kardanine-210-278mm\/"},"modified":"2026-05-15T22:14:21","modified_gmt":"2026-05-15T22:14:21","slug":"terksle-1-4-teleskopine-kardanine-210-278mm","status":"publish","type":"product","link":"https:\/\/irankiuzona.lt\/ru\/product\/terksle-1-4-teleskopine-kardanine-210-278mm\/","title":{"rendered":"Terk\u0161l\u0117 1\/4 teleskopin\u0117 kardanin\u0117 210-278mm"},"content":{"rendered":"<p>Technin\u0117s specifikacijos:<br \/>\nTipas:<br \/>\nTeleskopinis terk\u0161l\u0117 su \u0161arnyrine galvute<br \/>\nPavaros dydis: 1\/4 colio<br \/>\nIlgio diapazonas: 210\u2013278 mm<br \/>\nMechanizmas: 72 dantys (72 dantukai)<br \/>\n Med\u017eiaga: CrV plienas<br \/>\nRankena: Ergonomi\u0161ka, neslystanti<br \/>\n Rankenos spalva: M\u0117lyna ir juoda<\/p>","protected":false},"excerpt":{"rendered":"<p>Teleskopinis terk\u0161linis raktas 1\/4&quot; 210-278mm 72T CrV (60)<\/p>","protected":false},"featured_media":431334,"comment_status":"open","ping_status":"open","template":"","meta":[],"product_cat":[9681],"product_tag":[9810],"class_list":{"0":"post-431332","1":"product","2":"type-product","3":"status-publish","4":"has-post-thumbnail","6":"product_brand-geko-lenkija","7":"product_cat-terksles-teleskopines","8":"product_tag-geko-lenkija","10":"first","11":"instock","12":"purchasable","13":"product-type-simple"},"jetpack_sharing_enabled":true,"_links":{"self":[{"href":"https:\/\/irankiuzona.lt\/ru\/wp-json\/wp\/v2\/product\/431332","targetHints":{"allow":["GET"]}}],"collection":[{"href":"https:\/\/irankiuzona.lt\/ru\/wp-json\/wp\/v2\/product"}],"about":[{"href":"https:\/\/irankiuzona.lt\/ru\/wp-json\/wp\/v2\/types\/product"}],"replies":[{"embeddable":true,"href":"https:\/\/irankiuzona.lt\/ru\/wp-json\/wp\/v2\/comments?post=431332"}],"version-history":[{"count":1,"href":"https:\/\/irankiuzona.lt\/ru\/wp-json\/wp\/v2\/product\/431332\/revisions"}],"predecessor-version":[{"id":431333,"href":"https:\/\/irankiuzona.lt\/ru\/wp-json\/wp\/v2\/product\/431332\/revisions\/431333"}],"wp:featuredmedia":[{"embeddable":true,"href":"https:\/\/irankiuzona.lt\/ru\/wp-json\/wp\/v2\/media\/431334"}],"wp:attachment":[{"href":"https:\/\/irankiuzona.lt\/ru\/wp-json\/wp\/v2\/media?parent=431332"}],"wp:term":[{"taxonomy":"product_cat","embeddable":true,"href":"https:\/\/irankiuzona.lt\/ru\/wp-json\/wp\/v2\/product_cat?post=431332"},{"taxonomy":"product_tag","embeddable":true,"href":"https:\/\/irankiuzona.lt\/ru\/wp-json\/wp\/v2\/product_tag?post=431332"}],"curies":[{"name":"wp","href":"https:\/\/api.w.org\/{rel}","templated":true}]}}