{"id":431350,"date":"2026-04-24T23:12:51","date_gmt":"2026-04-24T23:12:51","guid":{"rendered":"https:\/\/irankiuzona.lt\/product\/variklio-blokavimo-komplektas-bmw-n47-n57-3\/"},"modified":"2026-05-09T18:43:31","modified_gmt":"2026-05-09T18:43:31","slug":"variklio-blokavimo-komplektas-bmw-n47-n57-3","status":"publish","type":"product","link":"https:\/\/irankiuzona.lt\/ru\/product\/variklio-blokavimo-komplektas-bmw-n47-n57-3\/","title":{"rendered":"Variklio blokavimo komplektas BMW N47-N57"},"content":{"rendered":"<p>1.6 dyzel N47D16A2.0 dyzel N47D20A \/ N47D20B \/ N47D20C3.0 dyzel N57D30A \/ N57D30B<\/p>","protected":false},"excerpt":{"rendered":"<p>Variklio fiksavimo \u012frankiai BMW N47 &#8211; N57 dyzelini\u0173 varikli\u0173 degimo nustatymui<\/p>","protected":false},"featured_media":431352,"comment_status":"open","ping_status":"closed","template":"","meta":[],"product_cat":[9689],"product_tag":[10151],"class_list":{"0":"post-431350","1":"product","2":"type-product","3":"status-publish","4":"has-post-thumbnail","6":"product_brand-lenkija-tiekejas","7":"product_cat-bmw-blokatoriai","8":"product_tag-lenkija-tiekejas","10":"first","11":"outofstock","12":"sale","13":"purchasable","14":"product-type-simple"},"jetpack_sharing_enabled":true,"_links":{"self":[{"href":"https:\/\/irankiuzona.lt\/ru\/wp-json\/wp\/v2\/product\/431350","targetHints":{"allow":["GET"]}}],"collection":[{"href":"https:\/\/irankiuzona.lt\/ru\/wp-json\/wp\/v2\/product"}],"about":[{"href":"https:\/\/irankiuzona.lt\/ru\/wp-json\/wp\/v2\/types\/product"}],"replies":[{"embeddable":true,"href":"https:\/\/irankiuzona.lt\/ru\/wp-json\/wp\/v2\/comments?post=431350"}],"version-history":[{"count":1,"href":"https:\/\/irankiuzona.lt\/ru\/wp-json\/wp\/v2\/product\/431350\/revisions"}],"predecessor-version":[{"id":431351,"href":"https:\/\/irankiuzona.lt\/ru\/wp-json\/wp\/v2\/product\/431350\/revisions\/431351"}],"wp:featuredmedia":[{"embeddable":true,"href":"https:\/\/irankiuzona.lt\/ru\/wp-json\/wp\/v2\/media\/431352"}],"wp:attachment":[{"href":"https:\/\/irankiuzona.lt\/ru\/wp-json\/wp\/v2\/media?parent=431350"}],"wp:term":[{"taxonomy":"product_cat","embeddable":true,"href":"https:\/\/irankiuzona.lt\/ru\/wp-json\/wp\/v2\/product_cat?post=431350"},{"taxonomy":"product_tag","embeddable":true,"href":"https:\/\/irankiuzona.lt\/ru\/wp-json\/wp\/v2\/product_tag?post=431350"}],"curies":[{"name":"wp","href":"https:\/\/api.w.org\/{rel}","templated":true}]}}