{"id":431362,"date":"2026-04-24T23:12:59","date_gmt":"2026-04-24T23:12:59","guid":{"rendered":"https:\/\/irankiuzona.lt\/product\/dviracio-priekinis-zibintas-cob-4w\/"},"modified":"2026-05-09T13:00:59","modified_gmt":"2026-05-09T13:00:59","slug":"dviracio-priekinis-zibintas-cob-4w","status":"publish","type":"product","link":"https:\/\/irankiuzona.lt\/ru\/product\/dviracio-priekinis-zibintas-cob-4w\/","title":{"rendered":"Dvira\u010dio priekinis \u017eibintas, COB (4W)"},"content":{"rendered":"<p>R\u0117\u017eimai \/ jungiklio funkcijos: P8(OSRAM):Silpnas \u2013 Stiprus\u2013 I\u0161jungta<br \/>\nCOB: Mirksintis raudonas \u2013 Raudonas \u2013 I\u0161jungta (Kai<br \/>\nCOB \u012fjungtas, palaikykite nuspaud\u0119 ir paspauskite, kad \u012fjungtum\u0117te pritemdymo re\u017eim\u0105) Krovimo laikas ~4 val.<br \/>\nVeikimo laikas stipriame r\u0117\u017eime &#8211; 2.5 val., silpname r\u0117\u017eime &#8211; 5.5 val. \/ COB (Abu) 1.2 val.<br \/>\n\u0160viesos srautas 180lm(P8 silpnas), 500lm(P8 Stiprus) \/ 500lm (COB) \/ 800lm (Abu) \u012ekrovos indikatorius<br \/>\nApsaugos laipsnis IPX4 \/ IK07 Akumuliatorius 103450 3.7V 2000mAh \u012ekrovimas tik per USB jungt\u012f I\u0161matavimai: 48 x 88 x 92 mm<br \/>\nSvoris: 109.5 g<br \/>\nGalva lankstosi 90 laipsni\u0173<br \/>\nPilnai \u012fkraukite pro\u017eektori\u0173 prie\u0161 prad\u0117dami naudoti Periodi\u0161kai \u012fkraukite pro\u017eektori\u0173, jeigu jis buvo nenaudojamas ilgiau negu 3 m\u0117nesius<\/p>","protected":false},"excerpt":{"rendered":"<p>Dvira\u010dio priekinis \u017eibintas P8+COB (4W) (\u012fkraunamas)<\/p>","protected":false},"featured_media":431364,"comment_status":"open","ping_status":"open","template":"","meta":[],"product_cat":[9976],"product_tag":[],"class_list":{"0":"post-431362","1":"product","2":"type-product","3":"status-publish","4":"has-post-thumbnail","6":"product_cat-katalogas","8":"first","9":"instock","10":"purchasable","11":"product-type-simple"},"jetpack_sharing_enabled":true,"_links":{"self":[{"href":"https:\/\/irankiuzona.lt\/ru\/wp-json\/wp\/v2\/product\/431362","targetHints":{"allow":["GET"]}}],"collection":[{"href":"https:\/\/irankiuzona.lt\/ru\/wp-json\/wp\/v2\/product"}],"about":[{"href":"https:\/\/irankiuzona.lt\/ru\/wp-json\/wp\/v2\/types\/product"}],"replies":[{"embeddable":true,"href":"https:\/\/irankiuzona.lt\/ru\/wp-json\/wp\/v2\/comments?post=431362"}],"version-history":[{"count":1,"href":"https:\/\/irankiuzona.lt\/ru\/wp-json\/wp\/v2\/product\/431362\/revisions"}],"predecessor-version":[{"id":431363,"href":"https:\/\/irankiuzona.lt\/ru\/wp-json\/wp\/v2\/product\/431362\/revisions\/431363"}],"wp:featuredmedia":[{"embeddable":true,"href":"https:\/\/irankiuzona.lt\/ru\/wp-json\/wp\/v2\/media\/431364"}],"wp:attachment":[{"href":"https:\/\/irankiuzona.lt\/ru\/wp-json\/wp\/v2\/media?parent=431362"}],"wp:term":[{"taxonomy":"product_cat","embeddable":true,"href":"https:\/\/irankiuzona.lt\/ru\/wp-json\/wp\/v2\/product_cat?post=431362"},{"taxonomy":"product_tag","embeddable":true,"href":"https:\/\/irankiuzona.lt\/ru\/wp-json\/wp\/v2\/product_tag?post=431362"}],"curies":[{"name":"wp","href":"https:\/\/api.w.org\/{rel}","templated":true}]}}