{"id":431417,"date":"2026-05-01T16:47:13","date_gmt":"2026-05-01T16:47:13","guid":{"rendered":"https:\/\/irankiuzona.lt\/product\/kietmetalio-borfreza-10x20mm-type-b\/"},"modified":"2026-05-09T08:14:50","modified_gmt":"2026-05-09T08:14:50","slug":"kietmetalio-borfreza-10x20mm-type-b","status":"publish","type":"product","link":"https:\/\/irankiuzona.lt\/ru\/product\/kietmetalio-borfreza-10x20mm-type-b\/","title":{"rendered":"Kietmetalio borfreza 10x20mm type B"},"content":{"rendered":"<p>Frezos kotelis &#8211; 6mmFrezos diametras &#8211; 10mmFrezo darbinis ilgis &#8211; 20mm<\/p>","protected":false},"excerpt":{"rendered":"<p>Metalo freza plok\u0161\u010diu, pjaunan\u010diu galu \/ 10 x 20 mm<\/p>","protected":false},"featured_media":241860,"comment_status":"open","ping_status":"open","template":"","meta":[],"product_cat":[9590],"product_tag":[9716],"class_list":{"0":"post-431417","1":"product","2":"type-product","3":"status-publish","4":"has-post-thumbnail","6":"product_brand-jufisto-lenkija","7":"product_cat-metalo-frezos","8":"product_tag-jufisto-lenkija","10":"first","11":"outofstock","12":"purchasable","13":"product-type-simple"},"jetpack_sharing_enabled":true,"_links":{"self":[{"href":"https:\/\/irankiuzona.lt\/ru\/wp-json\/wp\/v2\/product\/431417","targetHints":{"allow":["GET"]}}],"collection":[{"href":"https:\/\/irankiuzona.lt\/ru\/wp-json\/wp\/v2\/product"}],"about":[{"href":"https:\/\/irankiuzona.lt\/ru\/wp-json\/wp\/v2\/types\/product"}],"replies":[{"embeddable":true,"href":"https:\/\/irankiuzona.lt\/ru\/wp-json\/wp\/v2\/comments?post=431417"}],"version-history":[{"count":1,"href":"https:\/\/irankiuzona.lt\/ru\/wp-json\/wp\/v2\/product\/431417\/revisions"}],"predecessor-version":[{"id":431418,"href":"https:\/\/irankiuzona.lt\/ru\/wp-json\/wp\/v2\/product\/431417\/revisions\/431418"}],"wp:featuredmedia":[{"embeddable":true,"href":"https:\/\/irankiuzona.lt\/ru\/wp-json\/wp\/v2\/media\/241860"}],"wp:attachment":[{"href":"https:\/\/irankiuzona.lt\/ru\/wp-json\/wp\/v2\/media?parent=431417"}],"wp:term":[{"taxonomy":"product_cat","embeddable":true,"href":"https:\/\/irankiuzona.lt\/ru\/wp-json\/wp\/v2\/product_cat?post=431417"},{"taxonomy":"product_tag","embeddable":true,"href":"https:\/\/irankiuzona.lt\/ru\/wp-json\/wp\/v2\/product_tag?post=431417"}],"curies":[{"name":"wp","href":"https:\/\/api.w.org\/{rel}","templated":true}]}}