{"id":431523,"date":"2026-05-01T19:17:18","date_gmt":"2026-05-01T19:17:18","guid":{"rendered":"https:\/\/irankiuzona.lt\/product\/galvuciu-komplektas-cr-mo-smugines-1-2-8-32mm-20vnt-6k-2\/"},"modified":"2026-05-14T19:51:12","modified_gmt":"2026-05-14T19:51:12","slug":"galvuciu-komplektas-cr-mo-smugines-1-2-8-32mm-20vnt-6k-2","status":"publish","type":"product","link":"https:\/\/irankiuzona.lt\/ru\/product\/galvuciu-komplektas-cr-mo-smugines-1-2-8-32mm-20vnt-6k-2\/","title":{"rendered":"Galvu\u010di\u0173 komplektas Cr-Mo sm\u016bgin\u0117s  1\/2&#8221; 8-32mm 20vnt. 6k."},"content":{"rendered":"<p>Cr-Mo galvu\u010di\u0173 komplektas;Metalin\u0117 d\u0117\u017eut\u0117 su plastikiniu d\u0117klu.1\/2: 8mm;9mm;10mm;11mm;12mm;13mm;14mm;15mm;16mm;17mm;18mm;19mm;20mm;21mm; 22mm;23mm;24mm;27mm;30mm;32mm<\/p>","protected":false},"excerpt":{"rendered":"<p>Galvu\u010di\u0173 komplektas\u00a0Cr-Mo sm\u016bgin\u0117s\u00a0 1\/2&#8221; 8-32mm 20vnt. \u0161e\u0161iakamp\u0117s.<\/p>","protected":false},"featured_media":267744,"comment_status":"open","ping_status":"open","template":"","meta":[],"product_cat":[9499],"product_tag":[10151],"class_list":{"0":"post-431523","1":"product","2":"type-product","3":"status-publish","4":"has-post-thumbnail","6":"product_brand-lenkija-tiekejas","7":"product_cat-smuginiu-galvuciu-komplektai","8":"product_tag-lenkija-tiekejas","10":"first","11":"outofstock","12":"purchasable","13":"product-type-simple"},"jetpack_sharing_enabled":true,"_links":{"self":[{"href":"https:\/\/irankiuzona.lt\/ru\/wp-json\/wp\/v2\/product\/431523","targetHints":{"allow":["GET"]}}],"collection":[{"href":"https:\/\/irankiuzona.lt\/ru\/wp-json\/wp\/v2\/product"}],"about":[{"href":"https:\/\/irankiuzona.lt\/ru\/wp-json\/wp\/v2\/types\/product"}],"replies":[{"embeddable":true,"href":"https:\/\/irankiuzona.lt\/ru\/wp-json\/wp\/v2\/comments?post=431523"}],"version-history":[{"count":1,"href":"https:\/\/irankiuzona.lt\/ru\/wp-json\/wp\/v2\/product\/431523\/revisions"}],"predecessor-version":[{"id":431524,"href":"https:\/\/irankiuzona.lt\/ru\/wp-json\/wp\/v2\/product\/431523\/revisions\/431524"}],"wp:featuredmedia":[{"embeddable":true,"href":"https:\/\/irankiuzona.lt\/ru\/wp-json\/wp\/v2\/media\/267744"}],"wp:attachment":[{"href":"https:\/\/irankiuzona.lt\/ru\/wp-json\/wp\/v2\/media?parent=431523"}],"wp:term":[{"taxonomy":"product_cat","embeddable":true,"href":"https:\/\/irankiuzona.lt\/ru\/wp-json\/wp\/v2\/product_cat?post=431523"},{"taxonomy":"product_tag","embeddable":true,"href":"https:\/\/irankiuzona.lt\/ru\/wp-json\/wp\/v2\/product_tag?post=431523"}],"curies":[{"name":"wp","href":"https:\/\/api.w.org\/{rel}","templated":true}]}}