{"id":431557,"date":"2026-05-01T19:57:53","date_gmt":"2026-05-01T19:57:53","guid":{"rendered":"https:\/\/irankiuzona.lt\/product\/soniniu-raktu-komplektas-3-81-2-8-32mm-2\/"},"modified":"2026-05-09T16:02:52","modified_gmt":"2026-05-09T16:02:52","slug":"soniniu-raktu-komplektas-3-81-2-8-32mm-2","status":"publish","type":"product","link":"https:\/\/irankiuzona.lt\/ru\/product\/soniniu-raktu-komplektas-3-81-2-8-32mm-2\/","title":{"rendered":"\u0160onini\u0173 rakt\u0173 komplektas 3\/8+1\/2 (8-32mm)"},"content":{"rendered":"<p>3\/8\u2033: 8, 9, 10, 11, 12, 13, 14, 15, 16, 17, 18, 19 (mm)<br \/>\n1\/2\u2033: 21, 22, 24, 27, 28, 30, 32 (mm)<\/p>","protected":false},"excerpt":{"rendered":"<p>\u0160onini\u0173 rakt\u0173 komplektas 3\/8+1\/2 (8-32mm)<\/p>","protected":false},"featured_media":388499,"comment_status":"open","ping_status":"open","template":"","meta":[],"product_cat":[9585],"product_tag":[10130],"class_list":{"0":"post-431557","1":"product","2":"type-product","3":"status-publish","4":"has-post-thumbnail","6":"product_brand-satra-lenkija","7":"product_cat-irankiai-kuro-vamzdeliams","8":"product_tag-satra-lenkija","10":"first","11":"outofstock","12":"purchasable","13":"product-type-simple"},"jetpack_sharing_enabled":true,"_links":{"self":[{"href":"https:\/\/irankiuzona.lt\/ru\/wp-json\/wp\/v2\/product\/431557","targetHints":{"allow":["GET"]}}],"collection":[{"href":"https:\/\/irankiuzona.lt\/ru\/wp-json\/wp\/v2\/product"}],"about":[{"href":"https:\/\/irankiuzona.lt\/ru\/wp-json\/wp\/v2\/types\/product"}],"replies":[{"embeddable":true,"href":"https:\/\/irankiuzona.lt\/ru\/wp-json\/wp\/v2\/comments?post=431557"}],"version-history":[{"count":1,"href":"https:\/\/irankiuzona.lt\/ru\/wp-json\/wp\/v2\/product\/431557\/revisions"}],"predecessor-version":[{"id":431558,"href":"https:\/\/irankiuzona.lt\/ru\/wp-json\/wp\/v2\/product\/431557\/revisions\/431558"}],"wp:featuredmedia":[{"embeddable":true,"href":"https:\/\/irankiuzona.lt\/ru\/wp-json\/wp\/v2\/media\/388499"}],"wp:attachment":[{"href":"https:\/\/irankiuzona.lt\/ru\/wp-json\/wp\/v2\/media?parent=431557"}],"wp:term":[{"taxonomy":"product_cat","embeddable":true,"href":"https:\/\/irankiuzona.lt\/ru\/wp-json\/wp\/v2\/product_cat?post=431557"},{"taxonomy":"product_tag","embeddable":true,"href":"https:\/\/irankiuzona.lt\/ru\/wp-json\/wp\/v2\/product_tag?post=431557"}],"curies":[{"name":"wp","href":"https:\/\/api.w.org\/{rel}","templated":true}]}}