{"id":431559,"date":"2026-05-01T20:09:59","date_gmt":"2026-05-01T20:09:59","guid":{"rendered":"https:\/\/irankiuzona.lt\/product\/smuginiu-1-2-galvu-komplektas-10-32mm-15daliu-2\/"},"modified":"2026-05-09T14:30:45","modified_gmt":"2026-05-09T14:30:45","slug":"smuginiu-1-2-galvu-komplektas-10-32mm-15daliu-2","status":"publish","type":"product","link":"https:\/\/irankiuzona.lt\/ru\/product\/smuginiu-1-2-galvu-komplektas-10-32mm-15daliu-2\/","title":{"rendered":"Sm\u016bgini\u0173 1\/2 galv\u0173 komplektas (10-32mm) 15dali\u0173"},"content":{"rendered":"<p>Komplekte: 10 -12 &#8211; 13 &#8211; 14 &#8211; 15 &#8211; 16 &#8211; 17 &#8211; 18 &#8211; 19 &#8211; 21 &#8211; 22 &#8211; 24 &#8211; 27 &#8211; 30 &#8211; 32 mm<\/p>","protected":false},"excerpt":{"rendered":"<p>Trump\u0173 sm\u016bgini\u0173 Cr-Mo 1\/2 galvu\u010di\u0173 komplektas metalin\u0117je d\u0117\u017eut\u0117je, 10-32mm<\/p>","protected":false},"featured_media":406288,"comment_status":"open","ping_status":"closed","template":"","meta":[],"product_cat":[9988],"product_tag":[10151],"class_list":{"0":"post-431559","1":"product","2":"type-product","3":"status-publish","4":"has-post-thumbnail","6":"product_brand-lenkija-tiekejas","7":"product_cat-smuginiu-sesiakampiu-galvuciu-komplektai","8":"product_tag-lenkija-tiekejas","10":"first","11":"instock","12":"sale","13":"purchasable","14":"product-type-simple"},"jetpack_sharing_enabled":true,"_links":{"self":[{"href":"https:\/\/irankiuzona.lt\/ru\/wp-json\/wp\/v2\/product\/431559","targetHints":{"allow":["GET"]}}],"collection":[{"href":"https:\/\/irankiuzona.lt\/ru\/wp-json\/wp\/v2\/product"}],"about":[{"href":"https:\/\/irankiuzona.lt\/ru\/wp-json\/wp\/v2\/types\/product"}],"replies":[{"embeddable":true,"href":"https:\/\/irankiuzona.lt\/ru\/wp-json\/wp\/v2\/comments?post=431559"}],"version-history":[{"count":1,"href":"https:\/\/irankiuzona.lt\/ru\/wp-json\/wp\/v2\/product\/431559\/revisions"}],"predecessor-version":[{"id":431560,"href":"https:\/\/irankiuzona.lt\/ru\/wp-json\/wp\/v2\/product\/431559\/revisions\/431560"}],"wp:featuredmedia":[{"embeddable":true,"href":"https:\/\/irankiuzona.lt\/ru\/wp-json\/wp\/v2\/media\/406288"}],"wp:attachment":[{"href":"https:\/\/irankiuzona.lt\/ru\/wp-json\/wp\/v2\/media?parent=431559"}],"wp:term":[{"taxonomy":"product_cat","embeddable":true,"href":"https:\/\/irankiuzona.lt\/ru\/wp-json\/wp\/v2\/product_cat?post=431559"},{"taxonomy":"product_tag","embeddable":true,"href":"https:\/\/irankiuzona.lt\/ru\/wp-json\/wp\/v2\/product_tag?post=431559"}],"curies":[{"name":"wp","href":"https:\/\/api.w.org\/{rel}","templated":true}]}}