{"id":431563,"date":"2026-05-01T20:12:15","date_gmt":"2026-05-01T20:12:15","guid":{"rendered":"https:\/\/irankiuzona.lt\/product\/irankiu-komplektas-1-4-4-14-mm-66daliu-2\/"},"modified":"2026-05-09T09:38:03","modified_gmt":"2026-05-09T09:38:03","slug":"irankiu-komplektas-1-4-4-14-mm-66daliu-2","status":"publish","type":"product","link":"https:\/\/irankiuzona.lt\/ru\/product\/irankiu-komplektas-1-4-4-14-mm-66daliu-2\/","title":{"rendered":"\u012eranki\u0173 komplektas 1\/4&#8221; \/ 4-14 mm \/ 66dali\u0173"},"content":{"rendered":"<p>Trumpos 1\/4 galvut\u0117s: 4, 4,5, 5, 5,5, 6, 7, 8, 9, 10, 11, 12, 13, 14 mm &#8211; 13 vnt.<br \/>\nIlgos 1\/4 galvut\u0117s: 6, 7, 8, 10, 12, 13, 14 mm &#8211; 7 vnt.<br \/>\nTerk\u0161l\u0117, ilgis 150 mm &#8211; 1 vnt.<br \/>\nT formos rankena, ilgis 115 mm &#8211; 1 vnt.<br \/>\nAdapteris 1\/4 colio (m\u00b2) x 1\/4 colio (\u0161e\u0161iakamp\u0117) &#8211; 1 vnt.<br \/>\nAntgali\u0173 rankena, ilgis 150 mm &#8211; 1 vnt.<br \/>\nPrailginimas: 50 mm &#8211; 1 vnt., 100 mm &#8211; 1 vnt.<br \/>\nLankstus prailginimas, ilgis 150 mm &#8211; 1 vnt.<br \/>\nKardanin\u0117 jungtis &#8211; 1 vnt.<br \/>\nAntgali\u0173 laikiklis 1\/4 colio (Sq.F) x 1\/4 colio (Hex.F) &#8211; 1 vnt.<br \/>\n\u0160e\u0161iakampiai raktai, L formos: 1,5, 2, 2,5 mm &#8211; 3 vnt.<br \/>\nAntgali\u0173 galvut\u0117s:<br \/>\nSL: 4, 5,5, 7 mm &#8211; 3 vnt.<br \/>\nPH: 1, 2, 3 &#8211; 3 vnt.<br \/>\nPZ: 1, 2, 3 &#8211; 3 vnt.<br \/>\n\u00ce: 3, 4, 5, 6, 7, 8 mm &#8211; 6 vnt.<br \/>\nT: 10, 15, 20, 25, 30, 40 &#8211; 6 vnt.<br \/>\n1\/4 colio x 25 mm antgaliai:<br \/>\nSP: 4, 6, 8 \u2013 3 vnt.<br \/>\nM: 5, 6, 8 \u2013 3 vnt.<br \/>\nT: 5, 6, 7, 8, 9, 10 \u2013 6 vnt.<\/p>","protected":false},"excerpt":{"rendered":"<p>\u012eranki\u0173 komplektas 1\/4&#8221; \/ 4-14 mm \/ 66dali\u0173<\/p>","protected":false},"featured_media":407106,"comment_status":"open","ping_status":"closed","template":"","meta":[],"product_cat":[9495],"product_tag":[10151],"class_list":{"0":"post-431563","1":"product","2":"type-product","3":"status-publish","4":"has-post-thumbnail","6":"product_brand-lenkija-tiekejas","7":"product_cat-1-4-irankiu-komplektai","8":"product_tag-lenkija-tiekejas","10":"first","11":"instock","12":"sale","13":"purchasable","14":"product-type-simple"},"jetpack_sharing_enabled":true,"_links":{"self":[{"href":"https:\/\/irankiuzona.lt\/ru\/wp-json\/wp\/v2\/product\/431563","targetHints":{"allow":["GET"]}}],"collection":[{"href":"https:\/\/irankiuzona.lt\/ru\/wp-json\/wp\/v2\/product"}],"about":[{"href":"https:\/\/irankiuzona.lt\/ru\/wp-json\/wp\/v2\/types\/product"}],"replies":[{"embeddable":true,"href":"https:\/\/irankiuzona.lt\/ru\/wp-json\/wp\/v2\/comments?post=431563"}],"version-history":[{"count":2,"href":"https:\/\/irankiuzona.lt\/ru\/wp-json\/wp\/v2\/product\/431563\/revisions"}],"predecessor-version":[{"id":431800,"href":"https:\/\/irankiuzona.lt\/ru\/wp-json\/wp\/v2\/product\/431563\/revisions\/431800"}],"wp:featuredmedia":[{"embeddable":true,"href":"https:\/\/irankiuzona.lt\/ru\/wp-json\/wp\/v2\/media\/407106"}],"wp:attachment":[{"href":"https:\/\/irankiuzona.lt\/ru\/wp-json\/wp\/v2\/media?parent=431563"}],"wp:term":[{"taxonomy":"product_cat","embeddable":true,"href":"https:\/\/irankiuzona.lt\/ru\/wp-json\/wp\/v2\/product_cat?post=431563"},{"taxonomy":"product_tag","embeddable":true,"href":"https:\/\/irankiuzona.lt\/ru\/wp-json\/wp\/v2\/product_tag?post=431563"}],"curies":[{"name":"wp","href":"https:\/\/api.w.org\/{rel}","templated":true}]}}