{"id":431569,"date":"2026-05-01T20:21:50","date_gmt":"2026-05-01T20:21:50","guid":{"rendered":"https:\/\/irankiuzona.lt\/product\/sriegines-kniedes-plienines-m3-m10-150vnt-2\/"},"modified":"2026-05-09T07:53:59","modified_gmt":"2026-05-09T07:53:59","slug":"sriegines-kniedes-plienines-m3-m10-150vnt-2","status":"publish","type":"product","link":"https:\/\/irankiuzona.lt\/ru\/product\/sriegines-kniedes-plienines-m3-m10-150vnt-2\/","title":{"rendered":"Sriegin\u0117s knied\u0117s\/plienin\u0117s M3\/M10 150vnt"},"content":{"rendered":"<p>150vnt. plienini\u0173 knied\u017ei\u0173 rinkinys<\/p>","protected":false},"excerpt":{"rendered":"<p>150vnt. plienini\u0173 knied\u017ei\u0173 rinkinys<\/p>","protected":false},"featured_media":427897,"comment_status":"open","ping_status":"open","template":"","meta":[],"product_cat":[9890],"product_tag":[10151],"class_list":{"0":"post-431569","1":"product","2":"type-product","3":"status-publish","4":"has-post-thumbnail","6":"product_brand-lenkija-tiekejas","7":"product_cat-sriegines-kniedes","8":"product_tag-lenkija-tiekejas","10":"first","11":"instock","12":"purchasable","13":"product-type-simple"},"jetpack_sharing_enabled":true,"_links":{"self":[{"href":"https:\/\/irankiuzona.lt\/ru\/wp-json\/wp\/v2\/product\/431569","targetHints":{"allow":["GET"]}}],"collection":[{"href":"https:\/\/irankiuzona.lt\/ru\/wp-json\/wp\/v2\/product"}],"about":[{"href":"https:\/\/irankiuzona.lt\/ru\/wp-json\/wp\/v2\/types\/product"}],"replies":[{"embeddable":true,"href":"https:\/\/irankiuzona.lt\/ru\/wp-json\/wp\/v2\/comments?post=431569"}],"version-history":[{"count":1,"href":"https:\/\/irankiuzona.lt\/ru\/wp-json\/wp\/v2\/product\/431569\/revisions"}],"predecessor-version":[{"id":431570,"href":"https:\/\/irankiuzona.lt\/ru\/wp-json\/wp\/v2\/product\/431569\/revisions\/431570"}],"wp:featuredmedia":[{"embeddable":true,"href":"https:\/\/irankiuzona.lt\/ru\/wp-json\/wp\/v2\/media\/427897"}],"wp:attachment":[{"href":"https:\/\/irankiuzona.lt\/ru\/wp-json\/wp\/v2\/media?parent=431569"}],"wp:term":[{"taxonomy":"product_cat","embeddable":true,"href":"https:\/\/irankiuzona.lt\/ru\/wp-json\/wp\/v2\/product_cat?post=431569"},{"taxonomy":"product_tag","embeddable":true,"href":"https:\/\/irankiuzona.lt\/ru\/wp-json\/wp\/v2\/product_tag?post=431569"}],"curies":[{"name":"wp","href":"https:\/\/api.w.org\/{rel}","templated":true}]}}