{"id":431579,"date":"2026-05-01T20:33:05","date_gmt":"2026-05-01T20:33:05","guid":{"rendered":"https:\/\/irankiuzona.lt\/product\/galvute-1-2-m10-cr-mo\/"},"modified":"2026-05-01T20:33:05","modified_gmt":"2026-05-01T20:33:05","slug":"galvute-1-2-m10-cr-mo","status":"publish","type":"product","link":"https:\/\/irankiuzona.lt\/ru\/product\/galvute-1-2-m10-cr-mo\/","title":{"rendered":"Galvut\u0117 1\/2 M10 Cr-Mo"},"content":{"rendered":"<p>L = 78 mmMed\u017eiaga Cr-Mo<\/p>","protected":false},"excerpt":{"rendered":"<p>1\/2&quot; Sm\u016bgin\u0117 galvut\u0117 su 78L SPLINE antgaliu<\/p>","protected":false},"featured_media":431376,"comment_status":"open","ping_status":"open","template":"","meta":[],"product_cat":[9799],"product_tag":[9435],"class_list":{"0":"post-431579","1":"product","2":"type-product","3":"status-publish","4":"has-post-thumbnail","6":"product_brand-kinija","7":"product_cat-spline-smuginiai-antgaliai","8":"product_tag-kinija","10":"first","11":"outofstock","12":"purchasable","13":"product-type-simple"},"jetpack_sharing_enabled":true,"_links":{"self":[{"href":"https:\/\/irankiuzona.lt\/ru\/wp-json\/wp\/v2\/product\/431579","targetHints":{"allow":["GET"]}}],"collection":[{"href":"https:\/\/irankiuzona.lt\/ru\/wp-json\/wp\/v2\/product"}],"about":[{"href":"https:\/\/irankiuzona.lt\/ru\/wp-json\/wp\/v2\/types\/product"}],"replies":[{"embeddable":true,"href":"https:\/\/irankiuzona.lt\/ru\/wp-json\/wp\/v2\/comments?post=431579"}],"version-history":[{"count":1,"href":"https:\/\/irankiuzona.lt\/ru\/wp-json\/wp\/v2\/product\/431579\/revisions"}],"predecessor-version":[{"id":431580,"href":"https:\/\/irankiuzona.lt\/ru\/wp-json\/wp\/v2\/product\/431579\/revisions\/431580"}],"wp:featuredmedia":[{"embeddable":true,"href":"https:\/\/irankiuzona.lt\/ru\/wp-json\/wp\/v2\/media\/431376"}],"wp:attachment":[{"href":"https:\/\/irankiuzona.lt\/ru\/wp-json\/wp\/v2\/media?parent=431579"}],"wp:term":[{"taxonomy":"product_cat","embeddable":true,"href":"https:\/\/irankiuzona.lt\/ru\/wp-json\/wp\/v2\/product_cat?post=431579"},{"taxonomy":"product_tag","embeddable":true,"href":"https:\/\/irankiuzona.lt\/ru\/wp-json\/wp\/v2\/product_tag?post=431579"}],"curies":[{"name":"wp","href":"https:\/\/api.w.org\/{rel}","templated":true}]}}