{"id":431584,"date":"2026-05-01T20:33:14","date_gmt":"2026-05-01T20:33:14","guid":{"rendered":"https:\/\/irankiuzona.lt\/product\/kabliukai-4-vnt\/"},"modified":"2026-05-09T14:33:45","modified_gmt":"2026-05-09T14:33:45","slug":"kabliukai-4-vnt","status":"publish","type":"product","link":"https:\/\/irankiuzona.lt\/ru\/product\/kabliukai-4-vnt\/","title":{"rendered":"Kabliukai 4 vnt"},"content":{"rendered":"<p>4 kabliuk\u0173 su rankenomis rinkinys. Kabliukai turi gr\u016bdintus ir chromuotus antgalius. Rankena pagaminta i\u0161 auk\u0161tos kokyb\u0117s, neslystan\u010dios med\u017eiagos. Bendras \u012frankio ilgis \u2013 135 mm. \u0160is rinkinys naudojamas tiksliems darbams, tokiems kaip: atpl\u0117\u0161imas, traukimas, metalini\u0173, medini\u0173 ir plastikini\u0173 komponent\u0173 atskyrimas, pradurimas ir st\u016bmimas vietose, nepasiekiamose kitiems \u012frankiams.<\/p>","protected":false},"excerpt":{"rendered":"<p>4 kabliuk\u0173 rinkinys<\/p>","protected":false},"featured_media":431586,"comment_status":"open","ping_status":"open","template":"","meta":[],"product_cat":[9529],"product_tag":[9646],"class_list":{"0":"post-431584","1":"product","2":"type-product","3":"status-publish","4":"has-post-thumbnail","6":"product_brand-drel-lenkija","7":"product_cat-irankiai-apdailos-ardymui","8":"product_tag-drel-lenkija","10":"first","11":"instock","12":"purchasable","13":"product-type-simple"},"jetpack_sharing_enabled":true,"_links":{"self":[{"href":"https:\/\/irankiuzona.lt\/ru\/wp-json\/wp\/v2\/product\/431584","targetHints":{"allow":["GET"]}}],"collection":[{"href":"https:\/\/irankiuzona.lt\/ru\/wp-json\/wp\/v2\/product"}],"about":[{"href":"https:\/\/irankiuzona.lt\/ru\/wp-json\/wp\/v2\/types\/product"}],"replies":[{"embeddable":true,"href":"https:\/\/irankiuzona.lt\/ru\/wp-json\/wp\/v2\/comments?post=431584"}],"version-history":[{"count":1,"href":"https:\/\/irankiuzona.lt\/ru\/wp-json\/wp\/v2\/product\/431584\/revisions"}],"predecessor-version":[{"id":431585,"href":"https:\/\/irankiuzona.lt\/ru\/wp-json\/wp\/v2\/product\/431584\/revisions\/431585"}],"wp:featuredmedia":[{"embeddable":true,"href":"https:\/\/irankiuzona.lt\/ru\/wp-json\/wp\/v2\/media\/431586"}],"wp:attachment":[{"href":"https:\/\/irankiuzona.lt\/ru\/wp-json\/wp\/v2\/media?parent=431584"}],"wp:term":[{"taxonomy":"product_cat","embeddable":true,"href":"https:\/\/irankiuzona.lt\/ru\/wp-json\/wp\/v2\/product_cat?post=431584"},{"taxonomy":"product_tag","embeddable":true,"href":"https:\/\/irankiuzona.lt\/ru\/wp-json\/wp\/v2\/product_tag?post=431584"}],"curies":[{"name":"wp","href":"https:\/\/api.w.org\/{rel}","templated":true}]}}