{"id":431587,"date":"2026-05-01T20:33:16","date_gmt":"2026-05-01T20:33:16","guid":{"rendered":"https:\/\/irankiuzona.lt\/product\/smuginiu-1-2-galvu-kompl-10-22mm\/"},"modified":"2026-05-09T13:01:00","modified_gmt":"2026-05-09T13:01:00","slug":"smuginiu-1-2-galvu-kompl-10-22mm","status":"publish","type":"product","link":"https:\/\/irankiuzona.lt\/ru\/product\/smuginiu-1-2-galvu-kompl-10-22mm\/","title":{"rendered":"Sm\u016bgini\u0173 1\/2 galv\u0173 kompl. (10-22mm)"},"content":{"rendered":"","protected":false},"excerpt":{"rendered":"<p>Sm\u016bgini\u0173 galvu\u010di\u0173 rinkinys 10\u201322 mm, 1\/2 colio, 8 vnt.<\/p>","protected":false},"featured_media":431589,"comment_status":"open","ping_status":"open","template":"","meta":[],"product_cat":[9801],"product_tag":[9969],"class_list":{"0":"post-431587","1":"product","2":"type-product","3":"status-publish","4":"has-post-thumbnail","6":"product_brand-hogert-technik-vokietija","7":"product_cat-1-2-125-mm-ilgos-smugines-sesiakampes-galvutes","8":"product_tag-hogert-technik-vokietija","10":"first","11":"instock","12":"purchasable","13":"product-type-simple"},"jetpack_sharing_enabled":true,"_links":{"self":[{"href":"https:\/\/irankiuzona.lt\/ru\/wp-json\/wp\/v2\/product\/431587","targetHints":{"allow":["GET"]}}],"collection":[{"href":"https:\/\/irankiuzona.lt\/ru\/wp-json\/wp\/v2\/product"}],"about":[{"href":"https:\/\/irankiuzona.lt\/ru\/wp-json\/wp\/v2\/types\/product"}],"replies":[{"embeddable":true,"href":"https:\/\/irankiuzona.lt\/ru\/wp-json\/wp\/v2\/comments?post=431587"}],"version-history":[{"count":1,"href":"https:\/\/irankiuzona.lt\/ru\/wp-json\/wp\/v2\/product\/431587\/revisions"}],"predecessor-version":[{"id":431588,"href":"https:\/\/irankiuzona.lt\/ru\/wp-json\/wp\/v2\/product\/431587\/revisions\/431588"}],"wp:featuredmedia":[{"embeddable":true,"href":"https:\/\/irankiuzona.lt\/ru\/wp-json\/wp\/v2\/media\/431589"}],"wp:attachment":[{"href":"https:\/\/irankiuzona.lt\/ru\/wp-json\/wp\/v2\/media?parent=431587"}],"wp:term":[{"taxonomy":"product_cat","embeddable":true,"href":"https:\/\/irankiuzona.lt\/ru\/wp-json\/wp\/v2\/product_cat?post=431587"},{"taxonomy":"product_tag","embeddable":true,"href":"https:\/\/irankiuzona.lt\/ru\/wp-json\/wp\/v2\/product_tag?post=431587"}],"curies":[{"name":"wp","href":"https:\/\/api.w.org\/{rel}","templated":true}]}}