{"id":431599,"date":"2026-05-01T20:33:25","date_gmt":"2026-05-01T20:33:25","guid":{"rendered":"https:\/\/irankiuzona.lt\/product\/kaltas-plokscias-metalui-minksta-rankena-2416mm\/"},"modified":"2026-05-09T09:40:26","modified_gmt":"2026-05-09T09:40:26","slug":"kaltas-plokscias-metalui-minksta-rankena-2416mm","status":"publish","type":"product","link":"https:\/\/irankiuzona.lt\/ru\/product\/kaltas-plokscias-metalui-minksta-rankena-2416mm\/","title":{"rendered":"Kaltas plok\u0161\u010dias metalui mink\u0161ta rankena 24*16mm"},"content":{"rendered":"<p>mink\u0161ta sm\u016bgi\u0173 slopinimo rankena i\u0161 chromo-molibdeno plieno<\/p>","protected":false},"excerpt":{"rendered":"<p>Plok\u0161\u010dias kaltas, mink\u0161ta rankena, 24 x 16 mm<\/p>","protected":false},"featured_media":431601,"comment_status":"open","ping_status":"open","template":"","meta":[],"product_cat":[9598],"product_tag":[9462],"class_list":{"0":"post-431599","1":"product","2":"type-product","3":"status-publish","4":"has-post-thumbnail","6":"product_brand-condor-werkzeug-vokietija","7":"product_cat-kaltai-metalui","8":"product_tag-condor-werkzeug-vokietija","10":"first","11":"instock","12":"purchasable","13":"product-type-simple"},"jetpack_sharing_enabled":true,"_links":{"self":[{"href":"https:\/\/irankiuzona.lt\/ru\/wp-json\/wp\/v2\/product\/431599","targetHints":{"allow":["GET"]}}],"collection":[{"href":"https:\/\/irankiuzona.lt\/ru\/wp-json\/wp\/v2\/product"}],"about":[{"href":"https:\/\/irankiuzona.lt\/ru\/wp-json\/wp\/v2\/types\/product"}],"replies":[{"embeddable":true,"href":"https:\/\/irankiuzona.lt\/ru\/wp-json\/wp\/v2\/comments?post=431599"}],"version-history":[{"count":1,"href":"https:\/\/irankiuzona.lt\/ru\/wp-json\/wp\/v2\/product\/431599\/revisions"}],"predecessor-version":[{"id":431600,"href":"https:\/\/irankiuzona.lt\/ru\/wp-json\/wp\/v2\/product\/431599\/revisions\/431600"}],"wp:featuredmedia":[{"embeddable":true,"href":"https:\/\/irankiuzona.lt\/ru\/wp-json\/wp\/v2\/media\/431601"}],"wp:attachment":[{"href":"https:\/\/irankiuzona.lt\/ru\/wp-json\/wp\/v2\/media?parent=431599"}],"wp:term":[{"taxonomy":"product_cat","embeddable":true,"href":"https:\/\/irankiuzona.lt\/ru\/wp-json\/wp\/v2\/product_cat?post=431599"},{"taxonomy":"product_tag","embeddable":true,"href":"https:\/\/irankiuzona.lt\/ru\/wp-json\/wp\/v2\/product_tag?post=431599"}],"curies":[{"name":"wp","href":"https:\/\/api.w.org\/{rel}","templated":true}]}}