{"id":431605,"date":"2026-05-01T20:33:29","date_gmt":"2026-05-01T20:33:29","guid":{"rendered":"https:\/\/irankiuzona.lt\/product\/rampa-automobiliui-2000kg-2vnt\/"},"modified":"2026-05-06T21:15:13","modified_gmt":"2026-05-06T21:15:13","slug":"rampa-automobiliui-2000kg-2vnt","status":"publish","type":"product","link":"https:\/\/irankiuzona.lt\/ru\/product\/rampa-automobiliui-2000kg-2vnt\/","title":{"rendered":"Rampa automobiliui 2000kg 2vnt."},"content":{"rendered":"<p>Konstrukcija, pagaminta i\u0161 cinkuoto ma\u017eai anglies turin\u010dio plieno Q195, garantuoja atsparum\u0105 deformacijai ir veiksming\u0105 apsaug\u0105 nuo korozijos naudojant lauke. Perforuotas pavir\u0161ius padidina rat\u0173 sukibim\u0105 ir palengvina vandens, purvo ir kit\u0173 ter\u0161al\u0173 nutek\u0117jim\u0105. Sulankstymo mechanizmas palengvina transportavim\u0105 ir sand\u0117liavim\u0105, o tai svarbu dirbtuv\u0117se ir lauko s\u0105lygomis. Pagrindin\u0117s savyb\u0117s ir specifikacijos: ilgis 1,8 m (i\u0161skleistas 1900 x 225 x 45 mm) \u2013 leid\u017eia stabiliai ir saugiai pakrauti, i\u0161laikant optimal\u0173 pasvirimo kamp\u0105 2 dali\u0173 rinkinys \u2013 pilna ramp\u0173 pora, skirta lygiagre\u010diam transporto priemon\u0117s ar ma\u0161inos valdymui keliamoji galia iki 200 kg \u2013 tinka lengvosioms transporto priemon\u0117ms, motociklams, taip pat sodo ir dirbtuvi\u0173 \u012frangai Q195 konstrukcinis plienas \u2013 med\u017eiaga, pasi\u017eyminti geru mechaniniu stiprumu ir atsparumu dinamin\u0117ms apkrovoms cinkuotas pavir\u0161ius \u2013 veiksminga apsauga nuo korozijos ir oro s\u0105lyg\u0173 poveikio perforuota skarda (storis 1,5 mm) \u2013 pagerina sukibim\u0105 ir suma\u017eina rat\u0173 slydimo rizik\u0105 sulankstoma konstrukcija \u2013 patogus sand\u0117liavimas ir lengvas transportavimas vienos rampos svoris: 7,35 kg \u2013 u\u017etikrina komplekto stabilum\u0105 ir mobilum\u0105 Paskirtis: lengv\u0173j\u0173 transporto priemoni\u0173, sodo \u012frangos, ma\u0161in\u0173, ve\u017eim\u0117li\u0173, motocikl\u0173 ir ratini\u0173 \u012frengini\u0173 pakrovimas ir i\u0161krovimas puikiai tinka gara\u017eams, dirbtuv\u0117ms, nam\u0173 \u016bkiams ir priva\u010dioms valdoms prakti\u0161kas sprendimas aptarnavimo ir transportavimo u\u017eduotims<\/p>","protected":false},"excerpt":{"rendered":"<p>Rampos | 2 vnt | iki 200 kg<\/p>","protected":false},"featured_media":431607,"comment_status":"open","ping_status":"open","template":"","meta":[],"product_cat":[9728],"product_tag":[9483],"class_list":{"0":"post-431605","1":"product","2":"type-product","3":"status-publish","4":"has-post-thumbnail","6":"product_brand-yato-lenkija","7":"product_cat-platformos-rampos","8":"product_tag-yato-lenkija","10":"first","11":"instock","12":"purchasable","13":"product-type-simple"},"jetpack_sharing_enabled":true,"_links":{"self":[{"href":"https:\/\/irankiuzona.lt\/ru\/wp-json\/wp\/v2\/product\/431605","targetHints":{"allow":["GET"]}}],"collection":[{"href":"https:\/\/irankiuzona.lt\/ru\/wp-json\/wp\/v2\/product"}],"about":[{"href":"https:\/\/irankiuzona.lt\/ru\/wp-json\/wp\/v2\/types\/product"}],"replies":[{"embeddable":true,"href":"https:\/\/irankiuzona.lt\/ru\/wp-json\/wp\/v2\/comments?post=431605"}],"version-history":[{"count":1,"href":"https:\/\/irankiuzona.lt\/ru\/wp-json\/wp\/v2\/product\/431605\/revisions"}],"predecessor-version":[{"id":431606,"href":"https:\/\/irankiuzona.lt\/ru\/wp-json\/wp\/v2\/product\/431605\/revisions\/431606"}],"wp:featuredmedia":[{"embeddable":true,"href":"https:\/\/irankiuzona.lt\/ru\/wp-json\/wp\/v2\/media\/431607"}],"wp:attachment":[{"href":"https:\/\/irankiuzona.lt\/ru\/wp-json\/wp\/v2\/media?parent=431605"}],"wp:term":[{"taxonomy":"product_cat","embeddable":true,"href":"https:\/\/irankiuzona.lt\/ru\/wp-json\/wp\/v2\/product_cat?post=431605"},{"taxonomy":"product_tag","embeddable":true,"href":"https:\/\/irankiuzona.lt\/ru\/wp-json\/wp\/v2\/product_tag?post=431605"}],"curies":[{"name":"wp","href":"https:\/\/api.w.org\/{rel}","templated":true}]}}