{"id":431608,"date":"2026-05-01T20:33:31","date_gmt":"2026-05-01T20:33:31","guid":{"rendered":"https:\/\/irankiuzona.lt\/product\/nuemejas-trikojis-100mm-3\/"},"modified":"2026-05-15T10:16:50","modified_gmt":"2026-05-15T10:16:50","slug":"nuemejas-trikojis-100mm-3","status":"publish","type":"product","link":"https:\/\/irankiuzona.lt\/ru\/product\/nuemejas-trikojis-100mm-3\/","title":{"rendered":"Nu\u0117m\u0117jas trikojis 100mm"},"content":{"rendered":"<p>Guoliams, krumpliara\u010diams, \u017evaigriara\u010diams ir kt. atskirti Apver\u010diamas vidiniam ir i\u0161oriniam naudojimui Kaltinis \u0161tampavimo b\u016bdu Velnas su trapeciniu sriegiu, u\u017etikrinan\u010diu dideles j\u0117gas ir ma\u017e\u0105 nusid\u0117v\u0117jim\u0105 Pasukamos kojel\u0117s suteikia maksimal\u0173 lankstum\u0105 reguliuojant i\u0161pl\u0117tim\u0105 ir gyl\u012f Su 360\u00b0 centriniu smaigaliu (i\u0161skyrus gaminius Nr. 5402-075 ir 5403-075)<\/p>","protected":false},"excerpt":{"rendered":"<p>Apver\u010diamas trij\u0173 koj\u0173 nu\u0117m\u0117jas, 100 mm<\/p>","protected":false},"featured_media":431610,"comment_status":"open","ping_status":"open","template":"","meta":[],"product_cat":[9579],"product_tag":[9462],"class_list":{"0":"post-431608","1":"product","2":"type-product","3":"status-publish","4":"has-post-thumbnail","6":"product_brand-condor-werkzeug-vokietija","7":"product_cat-trikojai-nuemejai","8":"product_tag-condor-werkzeug-vokietija","10":"first","11":"instock","12":"purchasable","13":"product-type-simple"},"jetpack_sharing_enabled":true,"_links":{"self":[{"href":"https:\/\/irankiuzona.lt\/ru\/wp-json\/wp\/v2\/product\/431608","targetHints":{"allow":["GET"]}}],"collection":[{"href":"https:\/\/irankiuzona.lt\/ru\/wp-json\/wp\/v2\/product"}],"about":[{"href":"https:\/\/irankiuzona.lt\/ru\/wp-json\/wp\/v2\/types\/product"}],"replies":[{"embeddable":true,"href":"https:\/\/irankiuzona.lt\/ru\/wp-json\/wp\/v2\/comments?post=431608"}],"version-history":[{"count":1,"href":"https:\/\/irankiuzona.lt\/ru\/wp-json\/wp\/v2\/product\/431608\/revisions"}],"predecessor-version":[{"id":431609,"href":"https:\/\/irankiuzona.lt\/ru\/wp-json\/wp\/v2\/product\/431608\/revisions\/431609"}],"wp:featuredmedia":[{"embeddable":true,"href":"https:\/\/irankiuzona.lt\/ru\/wp-json\/wp\/v2\/media\/431610"}],"wp:attachment":[{"href":"https:\/\/irankiuzona.lt\/ru\/wp-json\/wp\/v2\/media?parent=431608"}],"wp:term":[{"taxonomy":"product_cat","embeddable":true,"href":"https:\/\/irankiuzona.lt\/ru\/wp-json\/wp\/v2\/product_cat?post=431608"},{"taxonomy":"product_tag","embeddable":true,"href":"https:\/\/irankiuzona.lt\/ru\/wp-json\/wp\/v2\/product_tag?post=431608"}],"curies":[{"name":"wp","href":"https:\/\/api.w.org\/{rel}","templated":true}]}}