{"id":431620,"date":"2026-05-01T20:33:40","date_gmt":"2026-05-01T20:33:40","guid":{"rendered":"https:\/\/irankiuzona.lt\/product\/kaltu-ir-ismuseju-komplektas-28daliu\/"},"modified":"2026-05-06T21:15:14","modified_gmt":"2026-05-06T21:15:14","slug":"kaltu-ir-ismuseju-komplektas-28daliu","status":"publish","type":"product","link":"https:\/\/irankiuzona.lt\/ru\/product\/kaltu-ir-ismuseju-komplektas-28daliu\/","title":{"rendered":"Kalt\u0173 ir i\u0161mu\u0161\u0117j\u0173 komplektas 28dali\u0173"},"content":{"rendered":"<p>7 kai\u0161\u010di\u0173 pramu\u0161tuvai: \u00f8 1,6 x 100, 2,4 x 105, 3,2 x 120, 4 x 125, 4,8 x 130, 6,3 x 145, 9,5 x 200 mm 8 k\u016bginiai kai\u0161\u010di\u0173 pramu\u0161tuvai: \u00f8 2,4 x 130, 3,2 x 145, 3,2 x 150, 4 x 150, 4,8 x 160, 4,8 x 250, 6,3 x 170, 9,5 x 250 mm 4 centriniai pramu\u0161tuvai: \u00f8 3,2 x 125, 4 x 145, 4,8 x 150, 6,3 x 200 mm 9 oru gr\u016bdinti kaltai: 9,5 x 140, 12,7 x 150, 12,7 x 170, 15,8 x 165, 15,8 x 175, 19 x 200, 21 x 200, 22 x 250, 25 x 250 mm chromo-vanad\u017eio plieno ir anglinio plieno<\/p>","protected":false},"excerpt":{"rendered":"<p>Kalt\u0173 ir skylmu\u0161\u0173 rinkinys, 28 vnt.<\/p>","protected":false},"featured_media":431622,"comment_status":"open","ping_status":"open","template":"","meta":[],"product_cat":[9598],"product_tag":[9462],"class_list":{"0":"post-431620","1":"product","2":"type-product","3":"status-publish","4":"has-post-thumbnail","6":"product_brand-condor-werkzeug-vokietija","7":"product_cat-kaltai-metalui","8":"product_tag-condor-werkzeug-vokietija","10":"first","11":"outofstock","12":"purchasable","13":"product-type-simple"},"jetpack_sharing_enabled":true,"_links":{"self":[{"href":"https:\/\/irankiuzona.lt\/ru\/wp-json\/wp\/v2\/product\/431620","targetHints":{"allow":["GET"]}}],"collection":[{"href":"https:\/\/irankiuzona.lt\/ru\/wp-json\/wp\/v2\/product"}],"about":[{"href":"https:\/\/irankiuzona.lt\/ru\/wp-json\/wp\/v2\/types\/product"}],"replies":[{"embeddable":true,"href":"https:\/\/irankiuzona.lt\/ru\/wp-json\/wp\/v2\/comments?post=431620"}],"version-history":[{"count":1,"href":"https:\/\/irankiuzona.lt\/ru\/wp-json\/wp\/v2\/product\/431620\/revisions"}],"predecessor-version":[{"id":431621,"href":"https:\/\/irankiuzona.lt\/ru\/wp-json\/wp\/v2\/product\/431620\/revisions\/431621"}],"wp:featuredmedia":[{"embeddable":true,"href":"https:\/\/irankiuzona.lt\/ru\/wp-json\/wp\/v2\/media\/431622"}],"wp:attachment":[{"href":"https:\/\/irankiuzona.lt\/ru\/wp-json\/wp\/v2\/media?parent=431620"}],"wp:term":[{"taxonomy":"product_cat","embeddable":true,"href":"https:\/\/irankiuzona.lt\/ru\/wp-json\/wp\/v2\/product_cat?post=431620"},{"taxonomy":"product_tag","embeddable":true,"href":"https:\/\/irankiuzona.lt\/ru\/wp-json\/wp\/v2\/product_tag?post=431620"}],"curies":[{"name":"wp","href":"https:\/\/api.w.org\/{rel}","templated":true}]}}