{"id":431623,"date":"2026-05-01T20:33:42","date_gmt":"2026-05-01T20:33:42","guid":{"rendered":"https:\/\/irankiuzona.lt\/product\/spaustuvai-310mm\/"},"modified":"2026-05-06T20:20:17","modified_gmt":"2026-05-06T20:20:17","slug":"spaustuvai-310mm","status":"publish","type":"product","link":"https:\/\/irankiuzona.lt\/ru\/product\/spaustuvai-310mm\/","title":{"rendered":"Spaustuvai 310mm"},"content":{"rendered":"<p>Tvirtinimo angos tvirtinimui prie stal\u0173, darbastali\u0173 ir su T formos grioveliais Greito atleidimo svirtis greitam u\u017espaudimui ir atidarymui, idealiai tinka pakartotiniam u\u017espaudimui T formos rankena greitam ir lengvam u\u017espaudimo j\u0117gos reguliavimui Judamas u\u017espaudimo \u017eandikaulis ruo\u0161ini\u0173 tvirtinimui be pa\u017eeidim\u0173 Gr\u0119\u017eimui, lengvam frezavimui, suvirinimui, klijavimui, dro\u017eimui ir kt.<\/p>","protected":false},"excerpt":{"rendered":"<p>Stakli\u0173 stalo spaustukas, 310 mm<\/p>","protected":false},"featured_media":431625,"comment_status":"open","ping_status":"open","template":"","meta":[],"product_cat":[11025],"product_tag":[9462],"class_list":{"0":"post-431623","1":"product","2":"type-product","3":"status-publish","4":"has-post-thumbnail","6":"product_brand-condor-werkzeug-vokietija","7":"product_cat-suvirinimo-priedai","8":"product_tag-condor-werkzeug-vokietija","10":"first","11":"instock","12":"purchasable","13":"product-type-simple"},"jetpack_sharing_enabled":true,"_links":{"self":[{"href":"https:\/\/irankiuzona.lt\/ru\/wp-json\/wp\/v2\/product\/431623","targetHints":{"allow":["GET"]}}],"collection":[{"href":"https:\/\/irankiuzona.lt\/ru\/wp-json\/wp\/v2\/product"}],"about":[{"href":"https:\/\/irankiuzona.lt\/ru\/wp-json\/wp\/v2\/types\/product"}],"replies":[{"embeddable":true,"href":"https:\/\/irankiuzona.lt\/ru\/wp-json\/wp\/v2\/comments?post=431623"}],"version-history":[{"count":1,"href":"https:\/\/irankiuzona.lt\/ru\/wp-json\/wp\/v2\/product\/431623\/revisions"}],"predecessor-version":[{"id":431624,"href":"https:\/\/irankiuzona.lt\/ru\/wp-json\/wp\/v2\/product\/431623\/revisions\/431624"}],"wp:featuredmedia":[{"embeddable":true,"href":"https:\/\/irankiuzona.lt\/ru\/wp-json\/wp\/v2\/media\/431625"}],"wp:attachment":[{"href":"https:\/\/irankiuzona.lt\/ru\/wp-json\/wp\/v2\/media?parent=431623"}],"wp:term":[{"taxonomy":"product_cat","embeddable":true,"href":"https:\/\/irankiuzona.lt\/ru\/wp-json\/wp\/v2\/product_cat?post=431623"},{"taxonomy":"product_tag","embeddable":true,"href":"https:\/\/irankiuzona.lt\/ru\/wp-json\/wp\/v2\/product_tag?post=431623"}],"curies":[{"name":"wp","href":"https:\/\/api.w.org\/{rel}","templated":true}]}}