{"id":431629,"date":"2026-05-01T20:33:47","date_gmt":"2026-05-01T20:33:47","guid":{"rendered":"https:\/\/irankiuzona.lt\/product\/reples-pusasiu-granatu-savarzoms\/"},"modified":"2026-05-06T21:15:15","modified_gmt":"2026-05-06T21:15:15","slug":"reples-pusasiu-granatu-savarzoms","status":"publish","type":"product","link":"https:\/\/irankiuzona.lt\/ru\/product\/reples-pusasiu-granatu-savarzoms\/","title":{"rendered":"Repl\u0117s pusa\u0161i\u0173 \/ granat\u0173 s\u0105var\u017eoms"},"content":{"rendered":"<p>Darbinis diapazonas: 0\u201340 mm<br \/>\nPagaminta i\u0161 chromo-molibdeno plieno<br \/>\nPavara: 3\/8 colio<br \/>\nBendras ilgis: 270 mm<\/p>","protected":false},"excerpt":{"rendered":"<p>Repl\u0117s pusa\u0161i\u0173 s\u0105var\u017eoms | sukimo momento re\u017eimas<\/p>","protected":false},"featured_media":431631,"comment_status":"open","ping_status":"open","template":"","meta":[],"product_cat":[9764],"product_tag":[9483],"class_list":{"0":"post-431629","1":"product","2":"type-product","3":"status-publish","4":"has-post-thumbnail","6":"product_brand-yato-lenkija","7":"product_cat-irankiai-granatoms-pusasiu-gumoms-savarzos","8":"product_tag-yato-lenkija","10":"first","11":"outofstock","12":"purchasable","13":"product-type-simple"},"jetpack_sharing_enabled":true,"_links":{"self":[{"href":"https:\/\/irankiuzona.lt\/ru\/wp-json\/wp\/v2\/product\/431629","targetHints":{"allow":["GET"]}}],"collection":[{"href":"https:\/\/irankiuzona.lt\/ru\/wp-json\/wp\/v2\/product"}],"about":[{"href":"https:\/\/irankiuzona.lt\/ru\/wp-json\/wp\/v2\/types\/product"}],"replies":[{"embeddable":true,"href":"https:\/\/irankiuzona.lt\/ru\/wp-json\/wp\/v2\/comments?post=431629"}],"version-history":[{"count":1,"href":"https:\/\/irankiuzona.lt\/ru\/wp-json\/wp\/v2\/product\/431629\/revisions"}],"predecessor-version":[{"id":431630,"href":"https:\/\/irankiuzona.lt\/ru\/wp-json\/wp\/v2\/product\/431629\/revisions\/431630"}],"wp:featuredmedia":[{"embeddable":true,"href":"https:\/\/irankiuzona.lt\/ru\/wp-json\/wp\/v2\/media\/431631"}],"wp:attachment":[{"href":"https:\/\/irankiuzona.lt\/ru\/wp-json\/wp\/v2\/media?parent=431629"}],"wp:term":[{"taxonomy":"product_cat","embeddable":true,"href":"https:\/\/irankiuzona.lt\/ru\/wp-json\/wp\/v2\/product_cat?post=431629"},{"taxonomy":"product_tag","embeddable":true,"href":"https:\/\/irankiuzona.lt\/ru\/wp-json\/wp\/v2\/product_tag?post=431629"}],"curies":[{"name":"wp","href":"https:\/\/api.w.org\/{rel}","templated":true}]}}