{"id":431644,"date":"2026-05-01T20:33:58","date_gmt":"2026-05-01T20:33:58","guid":{"rendered":"https:\/\/irankiuzona.lt\/product\/prozektorius-darbui-cob-110lm\/"},"modified":"2026-05-15T10:16:53","modified_gmt":"2026-05-15T10:16:53","slug":"prozektorius-darbui-cob-110lm","status":"publish","type":"product","link":"https:\/\/irankiuzona.lt\/ru\/product\/prozektorius-darbui-cob-110lm\/","title":{"rendered":"Pro\u017eektorius darbui COB 110lm"},"content":{"rendered":"<p>Belaid\u0117 darbo lempa COB+SMDCOB pagrindin\u0117 \u0161viesa 2W + SMD artima \u0161viesa 1WBaterija: 750 mAh 3.7VRe\u017eimai: COB stipri, COB silpna, SMD artimos \u012fjungta, I\u0161jungta.\u0160viesos galia: max. COB 110 lm, SMD 60 lmDarbo laikas: COB stipri 2 val, COB silpna 6.5 val, SMD 3.5 val\u012ekrovimo laikas: 2 valIP apsaugos lygis: IP54IK apsaugos lygis: IK07Dydis: 152 x 30 x 21 mm \u00a0\u00a0\u00a0<br \/>\nSvarbu!Pilnai \u012fkraukite pro\u017eektori\u0173 prie\u0161 prad\u0117dami naudotiPeriodi\u0161kai \u012fkraukite pro\u017eektori\u0173, jeigu jis buvo nenaudojamas ilgiau negu 3 m\u0117nesius\u00a0\u00a0<\/p>","protected":false},"excerpt":{"rendered":"<p>Pro\u017eektorius darbui COB+SMD (\u012fkraunamas)<\/p>","protected":false},"featured_media":431646,"comment_status":"open","ping_status":"open","template":"","meta":[],"product_cat":[9854],"product_tag":[9435],"class_list":{"0":"post-431644","1":"product","2":"type-product","3":"status-publish","4":"has-post-thumbnail","6":"product_brand-kinija","7":"product_cat-lempos-ikraunamos","8":"product_tag-kinija","10":"first","11":"instock","12":"purchasable","13":"product-type-simple"},"jetpack_sharing_enabled":true,"_links":{"self":[{"href":"https:\/\/irankiuzona.lt\/ru\/wp-json\/wp\/v2\/product\/431644","targetHints":{"allow":["GET"]}}],"collection":[{"href":"https:\/\/irankiuzona.lt\/ru\/wp-json\/wp\/v2\/product"}],"about":[{"href":"https:\/\/irankiuzona.lt\/ru\/wp-json\/wp\/v2\/types\/product"}],"replies":[{"embeddable":true,"href":"https:\/\/irankiuzona.lt\/ru\/wp-json\/wp\/v2\/comments?post=431644"}],"version-history":[{"count":1,"href":"https:\/\/irankiuzona.lt\/ru\/wp-json\/wp\/v2\/product\/431644\/revisions"}],"predecessor-version":[{"id":431645,"href":"https:\/\/irankiuzona.lt\/ru\/wp-json\/wp\/v2\/product\/431644\/revisions\/431645"}],"wp:featuredmedia":[{"embeddable":true,"href":"https:\/\/irankiuzona.lt\/ru\/wp-json\/wp\/v2\/media\/431646"}],"wp:attachment":[{"href":"https:\/\/irankiuzona.lt\/ru\/wp-json\/wp\/v2\/media?parent=431644"}],"wp:term":[{"taxonomy":"product_cat","embeddable":true,"href":"https:\/\/irankiuzona.lt\/ru\/wp-json\/wp\/v2\/product_cat?post=431644"},{"taxonomy":"product_tag","embeddable":true,"href":"https:\/\/irankiuzona.lt\/ru\/wp-json\/wp\/v2\/product_tag?post=431644"}],"curies":[{"name":"wp","href":"https:\/\/api.w.org\/{rel}","templated":true}]}}