{"id":431647,"date":"2026-05-01T20:34:00","date_gmt":"2026-05-01T20:34:00","guid":{"rendered":"https:\/\/irankiuzona.lt\/product\/raktas-kilpinis-kalamas-12-kamp-46mm\/"},"modified":"2026-05-06T22:07:26","modified_gmt":"2026-05-06T22:07:26","slug":"raktas-kilpinis-kalamas-12-kamp-46mm","status":"publish","type":"product","link":"https:\/\/irankiuzona.lt\/ru\/product\/raktas-kilpinis-kalamas-12-kamp-46mm\/","title":{"rendered":"Raktas kilpinis kalamas (12-kamp) 46mm"},"content":{"rendered":"<p>Tvirtai \u012fstrigusi\u0173 var\u017et\u0173 atlaisvinimuiTvirtas velenas su dideliu sm\u016bgio pavir\u0161iumi perduoda did\u017eiausius sukimo momentusUniversalus panaudojimas dirbant su automobiliais, sunkve\u017eimiais, statybin\u0117mis transporto priemon\u0117mis, \u017eem\u0117s \u016bkio technika ir kt.<\/p>","protected":false},"excerpt":{"rendered":"<p>Sm\u016bginis \u017eiedinis raktas, 46 mm<\/p>","protected":false},"featured_media":431649,"comment_status":"open","ping_status":"open","template":"","meta":[],"product_cat":[9611],"product_tag":[9462],"class_list":{"0":"post-431647","1":"product","2":"type-product","3":"status-publish","4":"has-post-thumbnail","6":"product_brand-condor-werkzeug-vokietija","7":"product_cat-spec-raktai","8":"product_tag-condor-werkzeug-vokietija","10":"first","11":"instock","12":"purchasable","13":"product-type-simple"},"jetpack_sharing_enabled":true,"_links":{"self":[{"href":"https:\/\/irankiuzona.lt\/ru\/wp-json\/wp\/v2\/product\/431647","targetHints":{"allow":["GET"]}}],"collection":[{"href":"https:\/\/irankiuzona.lt\/ru\/wp-json\/wp\/v2\/product"}],"about":[{"href":"https:\/\/irankiuzona.lt\/ru\/wp-json\/wp\/v2\/types\/product"}],"replies":[{"embeddable":true,"href":"https:\/\/irankiuzona.lt\/ru\/wp-json\/wp\/v2\/comments?post=431647"}],"version-history":[{"count":1,"href":"https:\/\/irankiuzona.lt\/ru\/wp-json\/wp\/v2\/product\/431647\/revisions"}],"predecessor-version":[{"id":431648,"href":"https:\/\/irankiuzona.lt\/ru\/wp-json\/wp\/v2\/product\/431647\/revisions\/431648"}],"wp:featuredmedia":[{"embeddable":true,"href":"https:\/\/irankiuzona.lt\/ru\/wp-json\/wp\/v2\/media\/431649"}],"wp:attachment":[{"href":"https:\/\/irankiuzona.lt\/ru\/wp-json\/wp\/v2\/media?parent=431647"}],"wp:term":[{"taxonomy":"product_cat","embeddable":true,"href":"https:\/\/irankiuzona.lt\/ru\/wp-json\/wp\/v2\/product_cat?post=431647"},{"taxonomy":"product_tag","embeddable":true,"href":"https:\/\/irankiuzona.lt\/ru\/wp-json\/wp\/v2\/product_tag?post=431647"}],"curies":[{"name":"wp","href":"https:\/\/api.w.org\/{rel}","templated":true}]}}