{"id":431650,"date":"2026-05-01T20:34:02","date_gmt":"2026-05-01T20:34:02","guid":{"rendered":"https:\/\/irankiuzona.lt\/product\/raktai-kombinuoti-mix-47vnt\/"},"modified":"2026-05-09T13:48:45","modified_gmt":"2026-05-09T13:48:45","slug":"raktai-kombinuoti-mix-47vnt","status":"publish","type":"product","link":"https:\/\/irankiuzona.lt\/ru\/product\/raktai-kombinuoti-mix-47vnt\/","title":{"rendered":"Raktai kombinuoti + mix   47vnt"},"content":{"rendered":"<p>\u0160is 47 dali\u0173 ver\u017eliarak\u010di\u0173 rinkinys turi visus reikalingus \u012frankius \u012fvairiems remonto ir montavimo darbams. J\u012f sudaro 24 kombinuoti ver\u017eliarak\u010diai, kuri\u0173 dydis yra nuo 6 iki 32 mm, u\u017etikrinantys universal\u0173 \u012fvairi\u0173 ver\u017eli\u0173 ir var\u017et\u0173 sukibim\u0105; 8 atviri ver\u017eliarak\u010diai, kuri\u0173 tarpas yra nuo 6&#215;7 iki 20&#215;22 mm, skirti greitam montavimui ir nu\u0117mimui; 6 plok\u0161ti ver\u017eliarak\u010diai nuo 8&#215;10 iki 16&#215;18 mm, skirti standesn\u0117ms jungtims; 5 C formos atviri ver\u017eliarak\u010diai nuo 10&#215;11 iki 18&#215;19 mm, patog\u016bs dirbti ank\u0161tose erdv\u0117se; ir 4 E formos atviri ver\u017eliarak\u010diai nuo E6xE8 iki E20xE24 mm, kurie idealiai tinka darbui su elektronine ir montavimo \u012franga. \u0160is rinkinys leid\u017eia patogiai ir kokybi\u0161kai atlikti \u012fvairias u\u017eduotis.<\/p>","protected":false},"excerpt":{"rendered":"<p>Kombinuot\u0173 rakt\u0173 rinkinys, 47 dalys<\/p>","protected":false},"featured_media":431652,"comment_status":"open","ping_status":"closed","template":"","meta":[],"product_cat":[9517],"product_tag":[10151],"class_list":{"0":"post-431650","1":"product","2":"type-product","3":"status-publish","4":"has-post-thumbnail","6":"product_brand-lenkija-tiekejas","7":"product_cat-kombinuotu-raktu-komplektai","8":"product_tag-lenkija-tiekejas","10":"first","11":"instock","12":"sale","13":"purchasable","14":"product-type-simple"},"jetpack_sharing_enabled":true,"_links":{"self":[{"href":"https:\/\/irankiuzona.lt\/ru\/wp-json\/wp\/v2\/product\/431650","targetHints":{"allow":["GET"]}}],"collection":[{"href":"https:\/\/irankiuzona.lt\/ru\/wp-json\/wp\/v2\/product"}],"about":[{"href":"https:\/\/irankiuzona.lt\/ru\/wp-json\/wp\/v2\/types\/product"}],"replies":[{"embeddable":true,"href":"https:\/\/irankiuzona.lt\/ru\/wp-json\/wp\/v2\/comments?post=431650"}],"version-history":[{"count":1,"href":"https:\/\/irankiuzona.lt\/ru\/wp-json\/wp\/v2\/product\/431650\/revisions"}],"predecessor-version":[{"id":431651,"href":"https:\/\/irankiuzona.lt\/ru\/wp-json\/wp\/v2\/product\/431650\/revisions\/431651"}],"wp:featuredmedia":[{"embeddable":true,"href":"https:\/\/irankiuzona.lt\/ru\/wp-json\/wp\/v2\/media\/431652"}],"wp:attachment":[{"href":"https:\/\/irankiuzona.lt\/ru\/wp-json\/wp\/v2\/media?parent=431650"}],"wp:term":[{"taxonomy":"product_cat","embeddable":true,"href":"https:\/\/irankiuzona.lt\/ru\/wp-json\/wp\/v2\/product_cat?post=431650"},{"taxonomy":"product_tag","embeddable":true,"href":"https:\/\/irankiuzona.lt\/ru\/wp-json\/wp\/v2\/product_tag?post=431650"}],"curies":[{"name":"wp","href":"https:\/\/api.w.org\/{rel}","templated":true}]}}