{"id":431653,"date":"2026-05-01T20:34:06","date_gmt":"2026-05-01T20:34:06","guid":{"rendered":"https:\/\/irankiuzona.lt\/product\/galvutes-ilgos-1-2-6-kampu-14vnt-11-30mm\/"},"modified":"2026-05-09T04:25:59","modified_gmt":"2026-05-09T04:25:59","slug":"galvutes-ilgos-1-2-6-kampu-14vnt-11-30mm","status":"publish","type":"product","link":"https:\/\/irankiuzona.lt\/ru\/product\/galvutes-ilgos-1-2-6-kampu-14vnt-11-30mm\/","title":{"rendered":"Galvut\u0117s ilgos 1\/2&#8221; 6-kamp\u0173 14vnt. 11-30mm"},"content":{"rendered":"<p>Dyd\u017eiai: (10, 12, 13, 14, 15, 16, 17, 19, 21, 22, 24, 27, 30, 32) mm.<\/p>","protected":false},"excerpt":{"rendered":"<p>6 briaun\u0173 gili\u0173 galvu\u010di\u0173 rinkinys, 1\/2 colio, 14 dali\u0173 (11-17, 19, 21-24, 27, 30 mm), metaliniame d\u0117kle<\/p>","protected":false},"featured_media":431655,"comment_status":"open","ping_status":"closed","template":"","meta":[],"product_cat":[9494],"product_tag":[10151],"class_list":{"0":"post-431653","1":"product","2":"type-product","3":"status-publish","4":"has-post-thumbnail","6":"product_brand-lenkija-tiekejas","7":"product_cat-1-2-125-mm-galvuciu-komplektai","8":"product_tag-lenkija-tiekejas","10":"first","11":"instock","12":"sale","13":"purchasable","14":"product-type-simple"},"jetpack_sharing_enabled":true,"_links":{"self":[{"href":"https:\/\/irankiuzona.lt\/ru\/wp-json\/wp\/v2\/product\/431653","targetHints":{"allow":["GET"]}}],"collection":[{"href":"https:\/\/irankiuzona.lt\/ru\/wp-json\/wp\/v2\/product"}],"about":[{"href":"https:\/\/irankiuzona.lt\/ru\/wp-json\/wp\/v2\/types\/product"}],"replies":[{"embeddable":true,"href":"https:\/\/irankiuzona.lt\/ru\/wp-json\/wp\/v2\/comments?post=431653"}],"version-history":[{"count":1,"href":"https:\/\/irankiuzona.lt\/ru\/wp-json\/wp\/v2\/product\/431653\/revisions"}],"predecessor-version":[{"id":431654,"href":"https:\/\/irankiuzona.lt\/ru\/wp-json\/wp\/v2\/product\/431653\/revisions\/431654"}],"wp:featuredmedia":[{"embeddable":true,"href":"https:\/\/irankiuzona.lt\/ru\/wp-json\/wp\/v2\/media\/431655"}],"wp:attachment":[{"href":"https:\/\/irankiuzona.lt\/ru\/wp-json\/wp\/v2\/media?parent=431653"}],"wp:term":[{"taxonomy":"product_cat","embeddable":true,"href":"https:\/\/irankiuzona.lt\/ru\/wp-json\/wp\/v2\/product_cat?post=431653"},{"taxonomy":"product_tag","embeddable":true,"href":"https:\/\/irankiuzona.lt\/ru\/wp-json\/wp\/v2\/product_tag?post=431653"}],"curies":[{"name":"wp","href":"https:\/\/api.w.org\/{rel}","templated":true}]}}