{"id":431656,"date":"2026-05-01T20:34:09","date_gmt":"2026-05-01T20:34:09","guid":{"rendered":"https:\/\/irankiuzona.lt\/product\/presas-hidraulinis-75t\/"},"modified":"2026-05-09T17:56:29","modified_gmt":"2026-05-09T17:56:29","slug":"presas-hidraulinis-75t","status":"publish","type":"product","link":"https:\/\/irankiuzona.lt\/ru\/product\/presas-hidraulinis-75t\/","title":{"rendered":"Presas hidraulinis 75T"},"content":{"rendered":"<p>Hidraulinis grind\u0173 presas \u201eRockFORCE\u201c modelis 75021, kurio keliamoji galia yra 75 tonos, skirtas profesionaliam metalini\u0173 detali\u0173 presavimui, i\u0161spaudimui, tiesinimui ir lenkimui autoservisuose, gamybos ir remonto dirbtuv\u0117se. Preso konstrukcijoje numatytos universalios plok\u0161t\u0117s, u\u017etikrinan\u010dios \u012fvairi\u0173 form\u0173 ir dyd\u017ei\u0173 ruo\u0161ini\u0173 daugiapus\u012f apdirbim\u0105. Modelis i\u0161siskiria i\u0161ardoma konstrukcija, kuri palengvina \u012frangos transportavim\u0105 ir montavim\u0105. Darbinio stalo auk\u0161tis reguliuojamas nuo 255 iki 1155 mm naudojant gerv\u0119, kuri leid\u017eia pres\u0105 pritaikyti \u012fvairaus auk\u0161\u010dio detal\u0117ms. Preso techniniai parametrai apima 250 mm st\u016bmoklio eig\u0105, 255\u20131155 mm darbinio auk\u0161\u010dio diapazon\u0105 ir 900 mm plot\u012f, u\u017etikrinant\u012f patog\u0173 darb\u0105 su dideliais ruo\u0161iniais. Presas apr\u016bpintas rankiniu hidrauliniu siurbliu, kuris sukuria reikiam\u0105 j\u0117g\u0105, ir manometru, skirtu tiksliai valdyti sl\u0117g\u012f sistemoje, o tai garantuoja atliekam\u0173 operacij\u0173 saugum\u0105 ir tikslum\u0105. Sutvirtintas pagrindas su skersiniu.<\/p>","protected":false},"excerpt":{"rendered":"<p>Hidraulinis presas su manometru, pastatomas ant grind\u0173, 75t<\/p>","protected":false},"featured_media":431658,"comment_status":"open","ping_status":"closed","template":"","meta":[],"product_cat":[9946],"product_tag":[],"class_list":{"0":"post-431656","1":"product","2":"type-product","3":"status-publish","4":"has-post-thumbnail","6":"product_cat-hidrauliniai-presai","8":"first","9":"instock","10":"sale","11":"purchasable","12":"product-type-simple"},"jetpack_sharing_enabled":true,"_links":{"self":[{"href":"https:\/\/irankiuzona.lt\/ru\/wp-json\/wp\/v2\/product\/431656","targetHints":{"allow":["GET"]}}],"collection":[{"href":"https:\/\/irankiuzona.lt\/ru\/wp-json\/wp\/v2\/product"}],"about":[{"href":"https:\/\/irankiuzona.lt\/ru\/wp-json\/wp\/v2\/types\/product"}],"replies":[{"embeddable":true,"href":"https:\/\/irankiuzona.lt\/ru\/wp-json\/wp\/v2\/comments?post=431656"}],"version-history":[{"count":1,"href":"https:\/\/irankiuzona.lt\/ru\/wp-json\/wp\/v2\/product\/431656\/revisions"}],"predecessor-version":[{"id":431657,"href":"https:\/\/irankiuzona.lt\/ru\/wp-json\/wp\/v2\/product\/431656\/revisions\/431657"}],"wp:featuredmedia":[{"embeddable":true,"href":"https:\/\/irankiuzona.lt\/ru\/wp-json\/wp\/v2\/media\/431658"}],"wp:attachment":[{"href":"https:\/\/irankiuzona.lt\/ru\/wp-json\/wp\/v2\/media?parent=431656"}],"wp:term":[{"taxonomy":"product_cat","embeddable":true,"href":"https:\/\/irankiuzona.lt\/ru\/wp-json\/wp\/v2\/product_cat?post=431656"},{"taxonomy":"product_tag","embeddable":true,"href":"https:\/\/irankiuzona.lt\/ru\/wp-json\/wp\/v2\/product_tag?post=431656"}],"curies":[{"name":"wp","href":"https:\/\/api.w.org\/{rel}","templated":true}]}}