{"id":431659,"date":"2026-05-01T20:34:12","date_gmt":"2026-05-01T20:34:12","guid":{"rendered":"https:\/\/irankiuzona.lt\/product\/irankiai-cv-179vnt-1-4-3-8-1-2\/"},"modified":"2026-05-09T14:33:48","modified_gmt":"2026-05-09T14:33:48","slug":"irankiai-cv-179vnt-1-4-3-8-1-2","status":"publish","type":"product","link":"https:\/\/irankiuzona.lt\/ru\/product\/irankiai-cv-179vnt-1-4-3-8-1-2\/","title":{"rendered":"\u012erankiai CV 179vnt 1\/4&#8221;-3\/8&#8221;-1\/2&#8221;"},"content":{"rendered":"<p>Profesionalus 179 dali\u0173 \u012franki\u0173 rinkinys su 1\/4&#8243;, 3\/8&#8243;, 1\/2&#8243; kvadratiniais antgaliais, \u0161e\u0161iakampiu profiliu (6 gr.). Universalus profesionalus \u012franki\u0173 rinkinys, sudarytas i\u0161 179 dali\u0173, skirtas atlikti \u012fvairius remonto ir montavimo darbus \u2013 nuo \u200b\u200bautoserviso ir degalini\u0173 iki buitinio naudojimo gara\u017ee ar nam\u0173 dirbtuv\u0117se. Rinkinyje sujungti trys populiariausi kvadratiniai antgaliai (1\/4&#8243;, 3\/8&#8243;, 1\/2&#8243;), tod\u0117l galite dirbti tiek su ma\u017eais tvirtinimo elementais, tiek su dideliais automobili\u0173 ir \u012frangos vienetais. 1. Lizd\u0173 galvut\u0117s (6 pusi\u0173 \/ 6 gr.): Su 1\/4 colio pavara: Colini\u0173 ir metrini\u0173 galvu\u010di\u0173 rinkinys (paprastai nuo 4 iki 14 mm). Su 3\/8 colio pavara: Metrini\u0173 galvu\u010di\u0173 rinkinys (paprastai nuo 6 iki 22 mm, \u012fskaitant gilias galvutes). Su 1\/2 colio pavara: Metrini\u0173 galvu\u010di\u0173 rinkinys (paprastai nuo 8 iki 32 mm, \u012fskaitant gilias galvutes ir u\u017edegimo \u017evaki\u0173 antgalius). 2. Pavaros \u012frankiai (terk\u0161l\u0117s \/ atramos): Terk\u0161l\u0117 (perjungiama) 1\/4&#8243;. Terk\u0161l\u0117 (perjungiama) 3\/8&#8243;. Terk\u0161l\u0117 (apver\u010diama).<\/p>","protected":false},"excerpt":{"rendered":"<p>\u012eranki\u0173 rinkinys 179 elementai, 1\/4&#8221; 3\/8&#8221; 1\/2&#8221;<\/p>","protected":false},"featured_media":431661,"comment_status":"open","ping_status":"closed","template":"","meta":[],"product_cat":[9612],"product_tag":[],"class_list":{"0":"post-431659","1":"product","2":"type-product","3":"status-publish","4":"has-post-thumbnail","6":"product_cat-irankiu-komplektai-su-priedais","8":"first","9":"instock","10":"sale","11":"purchasable","12":"product-type-simple"},"jetpack_sharing_enabled":true,"_links":{"self":[{"href":"https:\/\/irankiuzona.lt\/ru\/wp-json\/wp\/v2\/product\/431659","targetHints":{"allow":["GET"]}}],"collection":[{"href":"https:\/\/irankiuzona.lt\/ru\/wp-json\/wp\/v2\/product"}],"about":[{"href":"https:\/\/irankiuzona.lt\/ru\/wp-json\/wp\/v2\/types\/product"}],"replies":[{"embeddable":true,"href":"https:\/\/irankiuzona.lt\/ru\/wp-json\/wp\/v2\/comments?post=431659"}],"version-history":[{"count":2,"href":"https:\/\/irankiuzona.lt\/ru\/wp-json\/wp\/v2\/product\/431659\/revisions"}],"predecessor-version":[{"id":431686,"href":"https:\/\/irankiuzona.lt\/ru\/wp-json\/wp\/v2\/product\/431659\/revisions\/431686"}],"wp:featuredmedia":[{"embeddable":true,"href":"https:\/\/irankiuzona.lt\/ru\/wp-json\/wp\/v2\/media\/431661"}],"wp:attachment":[{"href":"https:\/\/irankiuzona.lt\/ru\/wp-json\/wp\/v2\/media?parent=431659"}],"wp:term":[{"taxonomy":"product_cat","embeddable":true,"href":"https:\/\/irankiuzona.lt\/ru\/wp-json\/wp\/v2\/product_cat?post=431659"},{"taxonomy":"product_tag","embeddable":true,"href":"https:\/\/irankiuzona.lt\/ru\/wp-json\/wp\/v2\/product_tag?post=431659"}],"curies":[{"name":"wp","href":"https:\/\/api.w.org\/{rel}","templated":true}]}}