{"id":431662,"date":"2026-05-01T20:34:16","date_gmt":"2026-05-01T20:34:16","guid":{"rendered":"https:\/\/irankiuzona.lt\/product\/hidraulinis-presas-75ton-sunkvezimiu-skvornio-presavimui-2\/"},"modified":"2026-05-05T11:06:31","modified_gmt":"2026-05-05T11:06:31","slug":"hidraulinis-presas-75ton-sunkvezimiu-skvornio-presavimui-2","status":"publish","type":"product","link":"https:\/\/irankiuzona.lt\/ru\/product\/hidraulinis-presas-75ton-sunkvezimiu-skvornio-presavimui-2\/","title":{"rendered":"Hidraulinis presas 75Ton sunkve\u017eimi\u0173 \u0161kvornio presavimui"},"content":{"rendered":"<p>Galingas profesionalus presas skirtas intensyviam sunkve\u017eimi\u0173 aptarnavimui. Tvirta konstrukcija, didel\u0117 spaudimo j\u0117ga ir pla\u010dios funkcijos paver\u010dia j\u012f nepakei\u010diamu \u012frankiu autoservisams ir gamybos dirbtuv\u0117ms. Maksimali j\u0117ga: 75 t. Maksimalus sukimo kai\u0161\u010dio skersmuo: 80 mm. St\u016bmoklio eiga: 140 mm. Atstumas tarp smeigi\u0173: 300 mm. Suporto kiaurymi\u0173 skersmuo: 80 mm. Smeig\u0117s ilgis: 640 mm. R\u0117mo plotis: 300 mm. Darbin\u0117 erdv\u0117: 1130 x 620 mm.<\/p>","protected":false},"excerpt":{"rendered":"<p>Hidraulinis veleno kai\u0161\u010dio i\u0161traukiklis su ve\u017eim\u0117liu 75 ton\u0173 sunkve\u017eimiams, pneumatiniu siurbliu ir prailginimo komplektu<\/p>","protected":false},"featured_media":431664,"comment_status":"open","ping_status":"open","template":"","meta":[],"product_cat":[9946],"product_tag":[],"class_list":{"0":"post-431662","1":"product","2":"type-product","3":"status-publish","4":"has-post-thumbnail","6":"product_cat-hidrauliniai-presai","8":"first","9":"outofstock","10":"purchasable","11":"product-type-simple"},"jetpack_sharing_enabled":true,"_links":{"self":[{"href":"https:\/\/irankiuzona.lt\/ru\/wp-json\/wp\/v2\/product\/431662","targetHints":{"allow":["GET"]}}],"collection":[{"href":"https:\/\/irankiuzona.lt\/ru\/wp-json\/wp\/v2\/product"}],"about":[{"href":"https:\/\/irankiuzona.lt\/ru\/wp-json\/wp\/v2\/types\/product"}],"replies":[{"embeddable":true,"href":"https:\/\/irankiuzona.lt\/ru\/wp-json\/wp\/v2\/comments?post=431662"}],"version-history":[{"count":1,"href":"https:\/\/irankiuzona.lt\/ru\/wp-json\/wp\/v2\/product\/431662\/revisions"}],"predecessor-version":[{"id":431663,"href":"https:\/\/irankiuzona.lt\/ru\/wp-json\/wp\/v2\/product\/431662\/revisions\/431663"}],"wp:featuredmedia":[{"embeddable":true,"href":"https:\/\/irankiuzona.lt\/ru\/wp-json\/wp\/v2\/media\/431664"}],"wp:attachment":[{"href":"https:\/\/irankiuzona.lt\/ru\/wp-json\/wp\/v2\/media?parent=431662"}],"wp:term":[{"taxonomy":"product_cat","embeddable":true,"href":"https:\/\/irankiuzona.lt\/ru\/wp-json\/wp\/v2\/product_cat?post=431662"},{"taxonomy":"product_tag","embeddable":true,"href":"https:\/\/irankiuzona.lt\/ru\/wp-json\/wp\/v2\/product_tag?post=431662"}],"curies":[{"name":"wp","href":"https:\/\/api.w.org\/{rel}","templated":true}]}}