{"id":431665,"date":"2026-05-01T20:34:18","date_gmt":"2026-05-01T20:34:18","guid":{"rendered":"https:\/\/irankiuzona.lt\/product\/sriegines-plienines-kniedes-m8-20vnt-3\/"},"modified":"2026-05-15T09:07:52","modified_gmt":"2026-05-15T09:07:52","slug":"sriegines-plienines-kniedes-m8-20vnt-3","status":"publish","type":"product","link":"https:\/\/irankiuzona.lt\/ru\/product\/sriegines-plienines-kniedes-m8-20vnt-3\/","title":{"rendered":"Sriegin\u0117s plienin\u0117s knied\u0117s M8 20vnt."},"content":{"rendered":"","protected":false},"excerpt":{"rendered":"<p>Kniedin\u0117s ver\u017el\u0117s su apykakle M8, plienin\u0117s, 20 vnt<\/p>","protected":false},"featured_media":431667,"comment_status":"open","ping_status":"open","template":"","meta":[],"product_cat":[9890],"product_tag":[9646],"class_list":{"0":"post-431665","1":"product","2":"type-product","3":"status-publish","4":"has-post-thumbnail","6":"product_brand-drel-lenkija","7":"product_cat-sriegines-kniedes","8":"product_tag-drel-lenkija","10":"first","11":"instock","12":"purchasable","13":"product-type-simple"},"jetpack_sharing_enabled":true,"_links":{"self":[{"href":"https:\/\/irankiuzona.lt\/ru\/wp-json\/wp\/v2\/product\/431665","targetHints":{"allow":["GET"]}}],"collection":[{"href":"https:\/\/irankiuzona.lt\/ru\/wp-json\/wp\/v2\/product"}],"about":[{"href":"https:\/\/irankiuzona.lt\/ru\/wp-json\/wp\/v2\/types\/product"}],"replies":[{"embeddable":true,"href":"https:\/\/irankiuzona.lt\/ru\/wp-json\/wp\/v2\/comments?post=431665"}],"version-history":[{"count":1,"href":"https:\/\/irankiuzona.lt\/ru\/wp-json\/wp\/v2\/product\/431665\/revisions"}],"predecessor-version":[{"id":431666,"href":"https:\/\/irankiuzona.lt\/ru\/wp-json\/wp\/v2\/product\/431665\/revisions\/431666"}],"wp:featuredmedia":[{"embeddable":true,"href":"https:\/\/irankiuzona.lt\/ru\/wp-json\/wp\/v2\/media\/431667"}],"wp:attachment":[{"href":"https:\/\/irankiuzona.lt\/ru\/wp-json\/wp\/v2\/media?parent=431665"}],"wp:term":[{"taxonomy":"product_cat","embeddable":true,"href":"https:\/\/irankiuzona.lt\/ru\/wp-json\/wp\/v2\/product_cat?post=431665"},{"taxonomy":"product_tag","embeddable":true,"href":"https:\/\/irankiuzona.lt\/ru\/wp-json\/wp\/v2\/product_tag?post=431665"}],"curies":[{"name":"wp","href":"https:\/\/api.w.org\/{rel}","templated":true}]}}