{"id":431705,"date":"2026-05-07T16:03:02","date_gmt":"2026-05-07T16:03:02","guid":{"rendered":"https:\/\/irankiuzona.lt\/product\/galvute-dyzelino-purkstukams-29-mm-su-ispjova-2\/"},"modified":"2026-05-10T07:45:21","modified_gmt":"2026-05-10T07:45:21","slug":"galvute-dyzelino-purkstukams-29-mm-su-ispjova-2","status":"publish","type":"product","link":"https:\/\/irankiuzona.lt\/ru\/product\/galvute-dyzelino-purkstukams-29-mm-su-ispjova-2\/","title":{"rendered":"Galvut\u0117 dyzelino purk\u0161tukams 29 mm su i\u0161pjova"},"content":{"rendered":"","protected":false},"excerpt":{"rendered":"<p>Galvut\u0117 dyzelino purk\u0161tukams 29 mm su i\u0161pjova<\/p>","protected":false},"featured_media":227266,"comment_status":"open","ping_status":"open","template":"","meta":[],"product_cat":[9852],"product_tag":[],"class_list":{"0":"post-431705","1":"product","2":"type-product","3":"status-publish","4":"has-post-thumbnail","6":"product_cat-irankiai-variklio-remontui","8":"first","9":"instock","10":"purchasable","11":"product-type-simple"},"jetpack_sharing_enabled":true,"_links":{"self":[{"href":"https:\/\/irankiuzona.lt\/ru\/wp-json\/wp\/v2\/product\/431705","targetHints":{"allow":["GET"]}}],"collection":[{"href":"https:\/\/irankiuzona.lt\/ru\/wp-json\/wp\/v2\/product"}],"about":[{"href":"https:\/\/irankiuzona.lt\/ru\/wp-json\/wp\/v2\/types\/product"}],"replies":[{"embeddable":true,"href":"https:\/\/irankiuzona.lt\/ru\/wp-json\/wp\/v2\/comments?post=431705"}],"version-history":[{"count":1,"href":"https:\/\/irankiuzona.lt\/ru\/wp-json\/wp\/v2\/product\/431705\/revisions"}],"predecessor-version":[{"id":431706,"href":"https:\/\/irankiuzona.lt\/ru\/wp-json\/wp\/v2\/product\/431705\/revisions\/431706"}],"wp:featuredmedia":[{"embeddable":true,"href":"https:\/\/irankiuzona.lt\/ru\/wp-json\/wp\/v2\/media\/227266"}],"wp:attachment":[{"href":"https:\/\/irankiuzona.lt\/ru\/wp-json\/wp\/v2\/media?parent=431705"}],"wp:term":[{"taxonomy":"product_cat","embeddable":true,"href":"https:\/\/irankiuzona.lt\/ru\/wp-json\/wp\/v2\/product_cat?post=431705"},{"taxonomy":"product_tag","embeddable":true,"href":"https:\/\/irankiuzona.lt\/ru\/wp-json\/wp\/v2\/product_tag?post=431705"}],"curies":[{"name":"wp","href":"https:\/\/api.w.org\/{rel}","templated":true}]}}