{"id":431753,"date":"2026-05-07T22:16:54","date_gmt":"2026-05-07T22:16:54","guid":{"rendered":"https:\/\/irankiuzona.lt\/product\/presas-su-remu-75t\/"},"modified":"2026-05-09T13:01:11","modified_gmt":"2026-05-09T13:01:11","slug":"presas-su-remu-75t","status":"publish","type":"product","link":"https:\/\/irankiuzona.lt\/ru\/product\/presas-su-remu-75t\/","title":{"rendered":"Presas su r\u0117mu 75t"},"content":{"rendered":"<p>Galingas profesionalus \u201eForsage\u201c presas skirtas intensyviam sunkve\u017eimi\u0173 aptarnavimui. Tvirta konstrukcija, didel\u0117 spaudimo j\u0117ga ir pla\u010dios funkcijos paver\u010dia j\u012f nepakei\u010diamu \u012frankiu autoservisams ir gamybos dirbtuv\u0117ms.<br \/>\nMaksimali j\u0117ga: 75 t.<br \/>\nMaksimalus sukimo kai\u0161\u010dio skersmuo: 80 mm.<br \/>\nSt\u016bmoklio eiga: 140 mm.<br \/>\nAtstumas tarp smeigi\u0173: 300 mm.<br \/>\nSuporto kiaurymi\u0173 skersmuo: 80 mm.<br \/>\nSmeig\u0117s ilgis: 640 mm.<br \/>\nR\u0117mo plotis: 300 mm.<br \/>\nDarbin\u0117 erdv\u0117: 1130 x 620 mm.<\/p>","protected":false},"excerpt":{"rendered":"<p>Hidraulinis veleno kai\u0161\u010dio i\u0161traukiklis su ve\u017eim\u0117liu 75 ton\u0173 sunkve\u017eimiams, pneumatiniu siurbliu ir prailginimo komplektu<\/p>","protected":false},"featured_media":431755,"comment_status":"open","ping_status":"open","template":"","meta":[],"product_cat":[9946],"product_tag":[10151],"class_list":{"0":"post-431753","1":"product","2":"type-product","3":"status-publish","4":"has-post-thumbnail","6":"product_brand-lenkija-tiekejas","7":"product_cat-hidrauliniai-presai","8":"product_tag-lenkija-tiekejas","10":"first","11":"instock","12":"purchasable","13":"product-type-simple"},"jetpack_sharing_enabled":true,"_links":{"self":[{"href":"https:\/\/irankiuzona.lt\/ru\/wp-json\/wp\/v2\/product\/431753","targetHints":{"allow":["GET"]}}],"collection":[{"href":"https:\/\/irankiuzona.lt\/ru\/wp-json\/wp\/v2\/product"}],"about":[{"href":"https:\/\/irankiuzona.lt\/ru\/wp-json\/wp\/v2\/types\/product"}],"replies":[{"embeddable":true,"href":"https:\/\/irankiuzona.lt\/ru\/wp-json\/wp\/v2\/comments?post=431753"}],"version-history":[{"count":1,"href":"https:\/\/irankiuzona.lt\/ru\/wp-json\/wp\/v2\/product\/431753\/revisions"}],"predecessor-version":[{"id":431754,"href":"https:\/\/irankiuzona.lt\/ru\/wp-json\/wp\/v2\/product\/431753\/revisions\/431754"}],"wp:featuredmedia":[{"embeddable":true,"href":"https:\/\/irankiuzona.lt\/ru\/wp-json\/wp\/v2\/media\/431755"}],"wp:attachment":[{"href":"https:\/\/irankiuzona.lt\/ru\/wp-json\/wp\/v2\/media?parent=431753"}],"wp:term":[{"taxonomy":"product_cat","embeddable":true,"href":"https:\/\/irankiuzona.lt\/ru\/wp-json\/wp\/v2\/product_cat?post=431753"},{"taxonomy":"product_tag","embeddable":true,"href":"https:\/\/irankiuzona.lt\/ru\/wp-json\/wp\/v2\/product_tag?post=431753"}],"curies":[{"name":"wp","href":"https:\/\/api.w.org\/{rel}","templated":true}]}}