{"id":431759,"date":"2026-05-07T22:16:58","date_gmt":"2026-05-07T22:16:58","guid":{"rendered":"https:\/\/irankiuzona.lt\/product\/irankiai-82vnt6\/"},"modified":"2026-05-09T17:56:30","modified_gmt":"2026-05-09T17:56:30","slug":"irankiai-82vnt6","status":"publish","type":"product","link":"https:\/\/irankiuzona.lt\/ru\/product\/irankiai-82vnt6\/","title":{"rendered":"\u012erankiai 82vnt+6"},"content":{"rendered":"<p>Kvadratinis pavaros antgalis: 1\/2&#8243;, 1\/4&#8243;. Galvut\u0117s tipas: 6 pusi\u0173, trumpa. Pilnas komplektas: 1\/4&#8243; trumpos galvut\u0117s 25 mm: 4, 4,5, 5, 5,5, 6, 7, 8, 9, 10, 11, 12, 13, 14 mm; 1\/4&#8243; HEX antgali\u0173 galvut\u0117s 35 mm: 3, 4, 5, 6 mm; 1\/4&#8243; TORX antgali\u0173 galvut\u0117s 35 mm: T8, T10, T15, T20, T25, T30; 1\/4&#8243; SL antgali\u0173 galvut\u0117s 35 mm: 4, 5,5, 7; 1\/4&#8243; antgali\u0173 galvut\u0117s PH 35 mm: PH.1, PH.2; 1\/4&#8243; antgali\u0173 galvut\u0117s PZ 35 mm: PZ.1, PZ.2; 1\/4&#8243; terk\u0161l\u0117; 1\/4&#8243; rankena 150 mm; sustiprinta T formos rankena 1\/4&#8243; 115 mm; prailginimai 1\/4&#8243; 50, 100 mm; lankstus prailgintuvas 1\/4&#8243; 145 mm; kardanin\u0117 jungtis 1\/4&#8243;; 5\/16&#8243; HEX antgaliai 30 mm: 8, 10, 12, 14 mm; 5\/16&#8243; TORX antgaliai 30 mm: T40, T45, T50, T55; 5\/16&#8243; SL antgaliai 30 mm: 8, 10, 12; 5\/16&#8243; PH antgaliai 30 mm: PH.3, PH.4; 5\/16&#8243; PZ antgaliai 30 mm: PZ.3, PZ.4; 1\/2&#8243; trumpos galvut\u0117s 38 mm: 14, 15, 16, 17, 18, 19, 20, 22, 24, 27, 30, 32 mm (sustiprintos galvut\u0117s 17, 19); 1\/2&#8243; u\u017edegimo \u017evaki\u0173 galvut\u0117s 16, 21 mm; 1\/2&#8243; terk\u0161l\u0117; 1\/2&#8243; prailginimai: 125, 250 mm; 1\/2&#8243; kardanin\u0117 jungtis; sustiprintas adapteris su<\/p>","protected":false},"excerpt":{"rendered":"<p>82 \u012franki\u0173 rinkinys: 1\/2&#8243;, 1\/4&#8243; (6 K) (4\u201332 mm)<\/p>","protected":false},"featured_media":431761,"comment_status":"open","ping_status":"closed","template":"","meta":[],"product_cat":[9491],"product_tag":[10151],"class_list":{"0":"post-431759","1":"product","2":"type-product","3":"status-publish","4":"has-post-thumbnail","6":"product_brand-lenkija-tiekejas","7":"product_cat-kombinuoti-irankiu-komplektai-1-4-3-8-1-2","8":"product_tag-lenkija-tiekejas","10":"first","11":"instock","12":"sale","13":"purchasable","14":"product-type-simple"},"jetpack_sharing_enabled":true,"_links":{"self":[{"href":"https:\/\/irankiuzona.lt\/ru\/wp-json\/wp\/v2\/product\/431759","targetHints":{"allow":["GET"]}}],"collection":[{"href":"https:\/\/irankiuzona.lt\/ru\/wp-json\/wp\/v2\/product"}],"about":[{"href":"https:\/\/irankiuzona.lt\/ru\/wp-json\/wp\/v2\/types\/product"}],"replies":[{"embeddable":true,"href":"https:\/\/irankiuzona.lt\/ru\/wp-json\/wp\/v2\/comments?post=431759"}],"version-history":[{"count":2,"href":"https:\/\/irankiuzona.lt\/ru\/wp-json\/wp\/v2\/product\/431759\/revisions"}],"predecessor-version":[{"id":431797,"href":"https:\/\/irankiuzona.lt\/ru\/wp-json\/wp\/v2\/product\/431759\/revisions\/431797"}],"wp:featuredmedia":[{"embeddable":true,"href":"https:\/\/irankiuzona.lt\/ru\/wp-json\/wp\/v2\/media\/431761"}],"wp:attachment":[{"href":"https:\/\/irankiuzona.lt\/ru\/wp-json\/wp\/v2\/media?parent=431759"}],"wp:term":[{"taxonomy":"product_cat","embeddable":true,"href":"https:\/\/irankiuzona.lt\/ru\/wp-json\/wp\/v2\/product_cat?post=431759"},{"taxonomy":"product_tag","embeddable":true,"href":"https:\/\/irankiuzona.lt\/ru\/wp-json\/wp\/v2\/product_tag?post=431759"}],"curies":[{"name":"wp","href":"https:\/\/api.w.org\/{rel}","templated":true}]}}