{"id":431786,"date":"2026-05-07T22:17:16","date_gmt":"2026-05-07T22:17:16","guid":{"rendered":"https:\/\/irankiuzona.lt\/product\/kranas-1t-pasukamas-2\/"},"modified":"2026-05-09T07:00:45","modified_gmt":"2026-05-09T07:00:45","slug":"kranas-1t-pasukamas-2","status":"publish","type":"product","link":"https:\/\/irankiuzona.lt\/ru\/product\/kranas-1t-pasukamas-2\/","title":{"rendered":"Kranas 1T pasukamas"},"content":{"rendered":"<p>TECHNINIAI DUOMENYS:<br \/>\n K\u0117limo galia su \u012ftraukta str\u0117le: 1000 kg<br \/>\nK\u0117limo galia su i\u0161skleista str\u0117le: 500 kg<br \/>\nK\u0117limas hidrauliniu cilindru 360 laipsni\u0173 sukimasis<br \/>\nSulankstomas Pagrindo matmenys: 270 mm x 270 mm<br \/>\nAuk\u0161tis suskleidus: 1350 mm<br \/>\n Maksimalus ilgis nuo cilindro iki i\u0161skleistos str\u0117l\u0117s galo: 1060 mm<br \/>\nMaksimalus auk\u0161tis (nuo grind\u0173 iki kablio): 1700 mm<\/p>","protected":false},"excerpt":{"rendered":"<p>1T SUKAMASIS KRANAS<\/p>","protected":false},"featured_media":431788,"comment_status":"open","ping_status":"open","template":"","meta":[],"product_cat":[9933],"product_tag":[11010],"class_list":{"0":"post-431786","1":"product","2":"type-product","3":"status-publish","4":"has-post-thumbnail","6":"product_brand-notig-tools","7":"product_cat-kranai-varikliui-iskelti","8":"product_tag-notig-tools","10":"first","11":"instock","12":"purchasable","13":"product-type-simple"},"jetpack_sharing_enabled":true,"_links":{"self":[{"href":"https:\/\/irankiuzona.lt\/ru\/wp-json\/wp\/v2\/product\/431786","targetHints":{"allow":["GET"]}}],"collection":[{"href":"https:\/\/irankiuzona.lt\/ru\/wp-json\/wp\/v2\/product"}],"about":[{"href":"https:\/\/irankiuzona.lt\/ru\/wp-json\/wp\/v2\/types\/product"}],"replies":[{"embeddable":true,"href":"https:\/\/irankiuzona.lt\/ru\/wp-json\/wp\/v2\/comments?post=431786"}],"version-history":[{"count":1,"href":"https:\/\/irankiuzona.lt\/ru\/wp-json\/wp\/v2\/product\/431786\/revisions"}],"predecessor-version":[{"id":431787,"href":"https:\/\/irankiuzona.lt\/ru\/wp-json\/wp\/v2\/product\/431786\/revisions\/431787"}],"wp:featuredmedia":[{"embeddable":true,"href":"https:\/\/irankiuzona.lt\/ru\/wp-json\/wp\/v2\/media\/431788"}],"wp:attachment":[{"href":"https:\/\/irankiuzona.lt\/ru\/wp-json\/wp\/v2\/media?parent=431786"}],"wp:term":[{"taxonomy":"product_cat","embeddable":true,"href":"https:\/\/irankiuzona.lt\/ru\/wp-json\/wp\/v2\/product_cat?post=431786"},{"taxonomy":"product_tag","embeddable":true,"href":"https:\/\/irankiuzona.lt\/ru\/wp-json\/wp\/v2\/product_tag?post=431786"}],"curies":[{"name":"wp","href":"https:\/\/api.w.org\/{rel}","templated":true}]}}